{"id":5464,"date":"2022-04-10T20:00:06","date_gmt":"2022-04-10T18:00:06","guid":{"rendered":"https:\/\/lilnaswimwear.com\/?post_type=product&#038;p=5464"},"modified":"2026-03-26T17:15:05","modified_gmt":"2026-03-26T16:15:05","slug":"haut-de-bikini-asymetrique-bibi-jungle","status":"publish","type":"product","link":"https:\/\/lilnaswimwear.com\/en\/boutique\/haut-de-maillot-de-bain\/asymetrique\/haut-de-bikini-asymetrique-bibi-jungle\/","title":{"rendered":"Haut asym\u00e9trique kaki iris\u00e9 &#8211; Bibi Jungle"},"content":{"rendered":"<p style=\"font-weight: 400;\">Le haut de bikini asym\u00e9trique Bibi totalement dans l&#8217;air du temps. Sans rembourrage ni armatures, il s&#8217;adapte \u00e0 toutes les poitrines du bonnet A au D.<\/p>\n","protected":false},"excerpt":{"rendered":"<ul class=\"ul1\">\n<li class=\"li1\">Coloris Jungle : kaki iris\u00e9<\/li>\n<li class=\"li1\">Haut de maillot \u00e0 une bretelle<\/li>\n<li>Mati\u00e8re au toucher soyeux, r\u00e9sistance\u00a0au chlore, aux cr\u00e8mes et huiles solaires et protection anti-UV<\/li>\n<li>Tissu labellis\u00e9 certifi\u00e9 sans produits nocifs, respectueux de la peau et de l&#8217;environnement.<\/li>\n<\/ul>\n<p>Pauline mesure 177 cm avec un tour de poitrine de 85 cm et porte une taille 2.<\/p>\n<p><span style=\"font-family: seravek;\"><strong>O\u00f9?\u00a0<\/strong><\/span><\/p>\n<p><span style=\"font-family: seravek;\">Ce maillot de bain a \u00e9t\u00e9 cr\u00e9e en France et confectionn\u00e9 au Maroc. <\/span><\/p>\n<p><strong><span style=\"font-family: seravek;\">Comment? <\/span><\/strong><\/p>\n<p><span style=\"font-family: seravek;\">Dans un tissu Italien ultra r\u00e9sistant, sans produits nocifs pour la peau et l&#8217;environnement et avec des\u00a0conditions de production respectueuses de la s\u00e9curit\u00e9 des salari\u00e9s.<\/span><\/p>\n","protected":false},"featured_media":5616,"comment_status":"closed","ping_status":"closed","template":"","meta":{"_monsterinsights_skip_tracking":false,"_monsterinsights_sitenote_active":false,"_monsterinsights_sitenote_note":"","_monsterinsights_sitenote_category":0},"product_cat":[213,224,215,190],"product_tag":[],"supplier_id":null,"supplier_sku":"","barcode":null,"atum_controlled":true,"out_stock_date":null,"out_stock_threshold":null,"inheritable":true,"inbound_stock":0,"stock_on_hold":4,"sold_today":0,"sales_last_days":0,"reserved_stock":0,"customer_returns":0,"warehouse_damage":0,"lost_in_post":0,"other_logs":0,"out_stock_days":0,"lost_sales":0,"has_location":false,"update_date":"2026-04-10T00:09:12","atum_locations":[],"atum_stock_status":"instock","restock_status":false,"low_stock_amount":"","sales_update_date":"2026-04-10T00:09:12","calc_backorders":null,"aioseo_notices":[],"_links":{"self":[{"href":"https:\/\/lilnaswimwear.com\/en\/wp-json\/wp\/v2\/product\/5464"}],"collection":[{"href":"https:\/\/lilnaswimwear.com\/en\/wp-json\/wp\/v2\/product"}],"about":[{"href":"https:\/\/lilnaswimwear.com\/en\/wp-json\/wp\/v2\/types\/product"}],"replies":[{"embeddable":true,"href":"https:\/\/lilnaswimwear.com\/en\/wp-json\/wp\/v2\/comments?post=5464"}],"wp:featuredmedia":[{"embeddable":true,"href":"https:\/\/lilnaswimwear.com\/en\/wp-json\/wp\/v2\/media\/5616"}],"wp:attachment":[{"href":"https:\/\/lilnaswimwear.com\/en\/wp-json\/wp\/v2\/media?parent=5464"}],"wp:term":[{"taxonomy":"product_cat","embeddable":true,"href":"https:\/\/lilnaswimwear.com\/en\/wp-json\/wp\/v2\/product_cat?post=5464"},{"taxonomy":"product_tag","embeddable":true,"href":"https:\/\/lilnaswimwear.com\/en\/wp-json\/wp\/v2\/product_tag?post=5464"}],"curies":[{"name":"wp","href":"https:\/\/api.w.org\/{rel}","templated":true}]}}