{"id":5449,"date":"2022-04-10T20:00:47","date_gmt":"2022-04-10T18:00:47","guid":{"rendered":"https:\/\/lilnaswimwear.com\/?post_type=product&#038;p=5449"},"modified":"2026-03-26T17:27:14","modified_gmt":"2026-03-26T16:27:14","slug":"haut-de-bikini-asymetrique-bibi-sable-irise","status":"publish","type":"product","link":"https:\/\/lilnaswimwear.com\/en\/boutique\/haut-de-maillot-de-bain\/asymetrique\/haut-de-bikini-asymetrique-bibi-sable-irise\/","title":{"rendered":"Haut asym\u00e9trique sable iris\u00e9 &#8211; Bibi Champagne"},"content":{"rendered":"<p>Le haut de bikini asym\u00e9trique Bibi totalement dans l&#8217;air du temps. Sans rembourrage ni armatures, il s&#8217;adapte \u00e0 toutes les poitrines du bonnet A au D.<\/p>\n","protected":false},"excerpt":{"rendered":"<h2><span style=\"font-size: 10pt; font-family: Helvetica;\">Haut de bikini asym\u00e9trique\u00a0<\/span><\/h2>\n<ul class=\"ul1\">\n<li class=\"li1\"><span style=\"font-family: Helvetica; font-size: 10pt;\">Coloris Champagne : sable iris\u00e9<\/span><\/li>\n<li class=\"li1\"><span style=\"font-family: Helvetica; font-size: 10pt;\">Haut de maillot une bretelle<\/span><\/li>\n<li class=\"li1\"><span style=\"font-family: Helvetica; font-size: 10pt;\">Sans armatures ni rembourrage<\/span><\/li>\n<li><span style=\"font-family: Helvetica; font-size: 10pt;\">Mati\u00e8re au toucher soyeux, r\u00e9sistance\u00a0au chlore, aux cr\u00e8mes et huiles solaires et protection anti-UV<\/span><\/li>\n<li><span style=\"font-family: Helvetica; font-size: 10pt;\"><span style=\"font-family: Helvetica; font-size: 10pt;\">Tissu<\/span><\/span><span style=\"font-family: Helvetica; font-size: 10pt;\"> certifi\u00e9 sans produits nocifs, respectueux de la peau et de l&#8217;environnement.<\/span><\/li>\n<\/ul>\n<p><span style=\"font-family: Helvetica; font-size: 10pt;\">Pauline mesure 177 cm avec un tour de poitrine de 85 cm et porte une taille 2.<\/span><\/p>\n<div>\n<h3><span style=\"font-size: 10pt; font-family: Helvetica;\"><strong>Tra\u00e7abilit\u00e9\u00a0<\/strong><\/span><\/h3>\n<h3><span style=\"font-family: Helvetica; font-size: 10pt; color: #333333;\">Les collections sont pens\u00e9es en France et confectionn\u00e9es au Maroc\u00a0avec des\u00a0conditions de production respectueuses de la s\u00e9curit\u00e9 des salari\u00e9s.\u00a0<\/span><\/h3>\n<\/div>\n<div>\n<h3><span style=\"font-size: 10pt; font-family: Helvetica;\"><strong>Mati\u00e8re\u00a0R\u00e9sistante\u00a0<\/strong><strong>\u00a0<\/strong><\/span><\/h3>\n<\/div>\n<div>\n<p><span style=\"font-size: 10pt; font-family: Helvetica;\">Notre mati\u00e8re s\u00e9lectionn\u00e9e est\u00a0fine, \u00e9l\u00e9gante, extensible, douce et respirante :\u00a0un m\u00e9lange unique pour un maximum de confort !<\/span><\/p>\n<\/div>\n","protected":false},"featured_media":5607,"comment_status":"closed","ping_status":"closed","template":"","meta":{"_monsterinsights_skip_tracking":false,"_monsterinsights_sitenote_active":false,"_monsterinsights_sitenote_note":"","_monsterinsights_sitenote_category":0},"product_cat":[213,224,215,190],"product_tag":[],"supplier_id":null,"supplier_sku":"","barcode":null,"atum_controlled":true,"out_stock_date":null,"out_stock_threshold":null,"inheritable":true,"inbound_stock":0,"stock_on_hold":1,"sold_today":0,"sales_last_days":0,"reserved_stock":0,"customer_returns":0,"warehouse_damage":0,"lost_in_post":0,"other_logs":0,"out_stock_days":0,"lost_sales":0,"has_location":false,"update_date":"2026-05-13T00:02:01","atum_locations":[],"atum_stock_status":"instock","restock_status":false,"low_stock_amount":"","sales_update_date":"2026-05-13T00:02:01","calc_backorders":null,"aioseo_notices":[],"_links":{"self":[{"href":"https:\/\/lilnaswimwear.com\/en\/wp-json\/wp\/v2\/product\/5449"}],"collection":[{"href":"https:\/\/lilnaswimwear.com\/en\/wp-json\/wp\/v2\/product"}],"about":[{"href":"https:\/\/lilnaswimwear.com\/en\/wp-json\/wp\/v2\/types\/product"}],"replies":[{"embeddable":true,"href":"https:\/\/lilnaswimwear.com\/en\/wp-json\/wp\/v2\/comments?post=5449"}],"wp:featuredmedia":[{"embeddable":true,"href":"https:\/\/lilnaswimwear.com\/en\/wp-json\/wp\/v2\/media\/5607"}],"wp:attachment":[{"href":"https:\/\/lilnaswimwear.com\/en\/wp-json\/wp\/v2\/media?parent=5449"}],"wp:term":[{"taxonomy":"product_cat","embeddable":true,"href":"https:\/\/lilnaswimwear.com\/en\/wp-json\/wp\/v2\/product_cat?post=5449"},{"taxonomy":"product_tag","embeddable":true,"href":"https:\/\/lilnaswimwear.com\/en\/wp-json\/wp\/v2\/product_tag?post=5449"}],"curies":[{"name":"wp","href":"https:\/\/api.w.org\/{rel}","templated":true}]}}