{"id":3615,"date":"2020-03-22T18:37:46","date_gmt":"2020-03-22T17:37:46","guid":{"rendered":"https:\/\/lilnaswimwear.com\/?post_type=product&#038;p=3615"},"modified":"2026-03-26T17:21:08","modified_gmt":"2026-03-26T16:21:08","slug":"bas-de-bikini-calvi","status":"publish","type":"product","link":"https:\/\/lilnaswimwear.com\/en\/boutique\/bas-de-maillot-de-bain\/bas-push-up\/bas-de-bikini-calvi\/","title":{"rendered":"Bas push-up r\u00e9versible kaki et dor\u00e9 iris\u00e9 &#8211; Nana Calvi"},"content":{"rendered":"Une forme parfaite : \u00e9chancr\u00e9e juste comme il faut avec une fronce sur l\u2019arri\u00e8re pour une silhouette \u00e9lanc\u00e9e.","protected":false},"excerpt":{"rendered":"<h2><span style=\"font-family: Helvetica; font-size: 12pt;\">Bas de maillot de bain effet push-up\u00a0<\/span><\/h2>\n<ul class=\"ul1\">\n<li class=\"li1\"><span style=\"font-family: Helvetica; font-size: 12pt;\">Coloris CALVI : r\u00e9versible kaki iris\u00e9 et dor\u00e9 iris\u00e9<\/span><\/li>\n<li><span style=\"font-family: Helvetica; font-size: 12pt;\">Mati\u00e8re au toucher soyeux, <strong>r\u00e9sistance\u00a0au chlore, aux cr\u00e8mes et huiles solaires et protection anti-UV<\/strong><\/span><\/li>\n<li><span style=\"font-family: Helvetica; font-size: 12pt;\">Tissu labellis\u00e9 certifi\u00e9 <strong>sans produits nocifs<\/strong>, respectueux de la peau et de l&#8217;environnement.<\/span><\/li>\n<\/ul>\n<h3><span style=\"font-family: Helvetica; font-size: 12pt;\"><strong>Tra\u00e7abilit\u00e9\u00a0<\/strong><\/span><\/h3>\n<p style=\"font-weight: 400;\"><span style=\"font-family: Helvetica; font-size: 12pt;\">Les collections sont pens\u00e9es en France et confectionn\u00e9es au Maroc\u00a0avec des\u00a0conditions de production respectueuses de la s\u00e9curit\u00e9 des salari\u00e9s.\u00a0<\/span><\/p>\n<h3><span style=\"font-family: Helvetica; font-size: 12pt;\"><strong>Mati\u00e8re\u00a0R\u00e9sistante\u00a0\u00a0<\/strong><\/span><\/h3>\n<p style=\"font-weight: 400;\"><span style=\"font-family: Helvetica; font-size: 12pt;\">Notre mati\u00e8re s\u00e9lectionn\u00e9e est\u00a0fine, \u00e9l\u00e9gante, extensible, douce et respirante :\u00a0un m\u00e9lange unique pour un maximum de confort !<\/span><\/p>\n","protected":false},"featured_media":6217,"comment_status":"closed","ping_status":"closed","template":"","meta":{"_monsterinsights_skip_tracking":false,"_monsterinsights_sitenote_active":false,"_monsterinsights_sitenote_note":"","_monsterinsights_sitenote_category":0},"product_cat":[218,188,191],"product_tag":[],"supplier_id":null,"supplier_sku":"","barcode":null,"atum_controlled":true,"out_stock_date":null,"out_stock_threshold":null,"inheritable":true,"inbound_stock":0,"stock_on_hold":4,"sold_today":0,"sales_last_days":0,"reserved_stock":0,"customer_returns":0,"warehouse_damage":0,"lost_in_post":0,"other_logs":0,"out_stock_days":0,"lost_sales":0,"has_location":false,"update_date":"2026-05-17T00:09:06","atum_locations":[],"atum_stock_status":"instock","restock_status":false,"low_stock_amount":"","sales_update_date":"2026-05-17T00:09:06","calc_backorders":null,"aioseo_notices":[],"_links":{"self":[{"href":"https:\/\/lilnaswimwear.com\/en\/wp-json\/wp\/v2\/product\/3615"}],"collection":[{"href":"https:\/\/lilnaswimwear.com\/en\/wp-json\/wp\/v2\/product"}],"about":[{"href":"https:\/\/lilnaswimwear.com\/en\/wp-json\/wp\/v2\/types\/product"}],"replies":[{"embeddable":true,"href":"https:\/\/lilnaswimwear.com\/en\/wp-json\/wp\/v2\/comments?post=3615"}],"wp:featuredmedia":[{"embeddable":true,"href":"https:\/\/lilnaswimwear.com\/en\/wp-json\/wp\/v2\/media\/6217"}],"wp:attachment":[{"href":"https:\/\/lilnaswimwear.com\/en\/wp-json\/wp\/v2\/media?parent=3615"}],"wp:term":[{"taxonomy":"product_cat","embeddable":true,"href":"https:\/\/lilnaswimwear.com\/en\/wp-json\/wp\/v2\/product_cat?post=3615"},{"taxonomy":"product_tag","embeddable":true,"href":"https:\/\/lilnaswimwear.com\/en\/wp-json\/wp\/v2\/product_tag?post=3615"}],"curies":[{"name":"wp","href":"https:\/\/api.w.org\/{rel}","templated":true}]}}