{"id":3408,"date":"2020-03-07T17:06:04","date_gmt":"2020-03-07T16:06:04","guid":{"rendered":"https:\/\/lilnaswimwear.com\/?post_type=product&#038;p=3408"},"modified":"2026-03-26T17:21:18","modified_gmt":"2026-03-26T16:21:18","slug":"bas-de-bikini-noeuds-reversible-lili-calvi","status":"publish","type":"product","link":"https:\/\/lilnaswimwear.com\/en\/boutique\/bas-de-maillot-de-bain\/culotte-a-noeuds\/bas-de-bikini-noeuds-reversible-lili-calvi\/","title":{"rendered":"Bas \u00e0 nouer r\u00e9versible kaki et dor\u00e9 iris\u00e9 &#8211; Lili Calvi"},"content":{"rendered":"<p>Ce bas de bikini classique et confortable comprend des liens sur les c\u00f4t\u00e9s permettant de l\u2019ajuster \u00e0 son tour de hanche.<\/p>\n","protected":false},"excerpt":{"rendered":"<h2><span style=\"font-size: 12pt; font-family: Helvetica;\">Bas de maillot de bain \u00e0 noeuds ajustables\u00a0<\/span><\/h2>\n<ul class=\"ul1\">\n<li class=\"li1\"><span style=\"font-size: 12pt; font-family: Helvetica;\">Coloris CALVI : kaki iris\u00e9 et dor\u00e9 iris\u00e9<\/span><\/li>\n<li><span style=\"font-size: 12pt; font-family: Helvetica;\">Mati\u00e8re au toucher soyeux, r\u00e9sistance\u00a0au chlore, aux cr\u00e8mes et huiles solaires et protection anti-UV<\/span><\/li>\n<li><span style=\"font-size: 12pt; font-family: Helvetica;\">Tissu labellis\u00e9 certifi\u00e9 sans produits nocifs, respectueux de la peau et de l&#8217;environnement.<\/span><\/li>\n<\/ul>\n<p><span style=\"font-size: 12pt; font-family: Helvetica;\">Laure mesure 168 cm avec un tour de hanches 86 cm et porte une taille 1.<\/span><\/p>\n<div>\n<h3><span style=\"font-size: 12pt; font-family: Helvetica;\"><strong>Tra\u00e7abilit\u00e9\u00a0<\/strong><\/span><\/h3>\n<\/div>\n<div>\n<p><span style=\"font-size: 12pt; font-family: Helvetica;\">Les collections sont pens\u00e9es en France et confectionn\u00e9es au Maroc\u00a0avec des\u00a0conditions de production respectueuses de la s\u00e9curit\u00e9 des salari\u00e9s.\u00a0<\/span><\/p>\n<\/div>\n<div>\n<h3><span style=\"font-size: 12pt; font-family: Helvetica;\"><strong>Mati\u00e8re\u00a0R\u00e9sistante\u00a0\u00a0<\/strong><\/span><\/h3>\n<\/div>\n<div>\n<p><span style=\"font-size: 12pt; font-family: Helvetica;\">Notre mati\u00e8re s\u00e9lectionn\u00e9e est\u00a0fine, \u00e9l\u00e9gante, extensible, douce et respirante :\u00a0un m\u00e9lange unique pour un maximum de confort !<\/span><\/p>\n<\/div>\n","protected":false},"featured_media":6017,"comment_status":"closed","ping_status":"closed","template":"","meta":{"_monsterinsights_skip_tracking":false,"_monsterinsights_sitenote_active":false,"_monsterinsights_sitenote_note":"","_monsterinsights_sitenote_category":0},"product_cat":[219,188,191],"product_tag":[],"supplier_id":null,"supplier_sku":"","barcode":null,"atum_controlled":true,"out_stock_date":"2026-03-26 17:21:18","out_stock_threshold":null,"inheritable":true,"inbound_stock":0,"stock_on_hold":4,"sold_today":0,"sales_last_days":0,"reserved_stock":0,"customer_returns":0,"warehouse_damage":0,"lost_in_post":0,"other_logs":0,"out_stock_days":14,"lost_sales":0,"has_location":false,"update_date":"2026-04-10T00:09:11","atum_locations":[],"atum_stock_status":"outofstock","restock_status":false,"low_stock_amount":"","sales_update_date":"2026-04-10T00:09:11","calc_backorders":null,"aioseo_notices":[],"_links":{"self":[{"href":"https:\/\/lilnaswimwear.com\/en\/wp-json\/wp\/v2\/product\/3408"}],"collection":[{"href":"https:\/\/lilnaswimwear.com\/en\/wp-json\/wp\/v2\/product"}],"about":[{"href":"https:\/\/lilnaswimwear.com\/en\/wp-json\/wp\/v2\/types\/product"}],"replies":[{"embeddable":true,"href":"https:\/\/lilnaswimwear.com\/en\/wp-json\/wp\/v2\/comments?post=3408"}],"wp:featuredmedia":[{"embeddable":true,"href":"https:\/\/lilnaswimwear.com\/en\/wp-json\/wp\/v2\/media\/6017"}],"wp:attachment":[{"href":"https:\/\/lilnaswimwear.com\/en\/wp-json\/wp\/v2\/media?parent=3408"}],"wp:term":[{"taxonomy":"product_cat","embeddable":true,"href":"https:\/\/lilnaswimwear.com\/en\/wp-json\/wp\/v2\/product_cat?post=3408"},{"taxonomy":"product_tag","embeddable":true,"href":"https:\/\/lilnaswimwear.com\/en\/wp-json\/wp\/v2\/product_tag?post=3408"}],"curies":[{"name":"wp","href":"https:\/\/api.w.org\/{rel}","templated":true}]}}