{"id":3348,"date":"2020-03-07T16:46:46","date_gmt":"2020-03-07T15:46:46","guid":{"rendered":"https:\/\/lilnaswimwear.com\/?post_type=product&#038;p=3348"},"modified":"2026-03-26T17:10:30","modified_gmt":"2026-03-26T16:10:30","slug":"bas-de-bikini-reversible-nana-st-tropez","status":"publish","type":"product","link":"https:\/\/lilnaswimwear.com\/en\/boutique\/bas-de-maillot-de-bain\/bas-push-up\/bas-de-bikini-reversible-nana-st-tropez\/","title":{"rendered":"Bas push-up r\u00e9versible cr\u00e8me et rose iris\u00e9 &#8211; Nana St Tropez"},"content":{"rendered":"<p>Une forme parfaite : couvrante et \u00e9chancr\u00e9e avec une fronce sur l\u2019arri\u00e8re pour une silhouette \u00e9lanc\u00e9e.<\/p>\n","protected":false},"excerpt":{"rendered":"<ul class=\"ul1\">\n<li><span style=\"font-family: Arial, Helvetica, sans-serif;\">Coloris ST TROPEZ : r\u00e9versible blanc cr\u00e8me mat et rose p\u00eache iris\u00e9<\/span><\/li>\n<li class=\"li1\"><span style=\"font-family: Arial, Helvetica, sans-serif;\">Culotte l\u00e9g\u00e8rement \u00e9chancr\u00e9e<\/span><\/li>\n<li><span style=\"font-family: Arial, Helvetica, sans-serif;\">Mati\u00e8re au toucher soyeux, r\u00e9sistance\u00a0au chlore, aux cr\u00e8mes et huiles solaires et protection anti-UV<\/span><\/li>\n<li><span style=\"font-family: Arial, Helvetica, sans-serif;\">Tissu certifi\u00e9 sans produits nocifs respectueux de la peau et de l&#8217;environnement.<\/span><\/li>\n<\/ul>\n<p><span style=\"font-family: Arial, Helvetica, sans-serif;\">Laure mesure 168 cm avec un tour de hanches 86 cm et porte une taille 1.<\/span><\/p>\n<p><span style=\"font-family: Arial, Helvetica, sans-serif;\"><strong>O\u00f9?\u00a0<\/strong><\/span><\/p>\n<p><span style=\"font-family: Arial, Helvetica, sans-serif;\">Ce maillot de bain a \u00e9t\u00e9 cr\u00e9e en France et confectionn\u00e9 au Maroc. <\/span><\/p>\n<p><span style=\"font-family: Arial, Helvetica, sans-serif;\"><strong>Comment? <\/strong><\/span><\/p>\n<p><span style=\"font-family: Arial, Helvetica, sans-serif;\">Dans un tissu Italien ultra r\u00e9sistant, sans produits nocifs pour la peau et l&#8217;environnement et avec des\u00a0conditions de production respectueuses de la s\u00e9curit\u00e9 des salari\u00e9s.<\/span><\/p>\n<p><span style=\"font-family: Arial, Helvetica, sans-serif;\">La mati\u00e8re mate est faite de fil\u00a0<strong>ECONYL\u00ae de nylon r\u00e9g\u00e9n\u00e9r\u00e9 \u00e0 100% provenant de filets de p\u00eache recycl\u00e9s.<\/strong><\/span><\/p>\n","protected":false},"featured_media":3341,"comment_status":"closed","ping_status":"closed","template":"","meta":{"_monsterinsights_skip_tracking":false,"_monsterinsights_sitenote_active":false,"_monsterinsights_sitenote_note":"","_monsterinsights_sitenote_category":0},"product_cat":[218,188,191],"product_tag":[],"supplier_id":null,"supplier_sku":"","barcode":null,"atum_controlled":true,"out_stock_date":"2026-03-26 17:10:30","out_stock_threshold":null,"inheritable":true,"inbound_stock":0,"stock_on_hold":3,"sold_today":0,"sales_last_days":0,"reserved_stock":0,"customer_returns":0,"warehouse_damage":0,"lost_in_post":0,"other_logs":0,"out_stock_days":14,"lost_sales":0,"has_location":false,"update_date":"2026-04-10T00:09:10","atum_locations":[],"atum_stock_status":"outofstock","restock_status":false,"low_stock_amount":"","sales_update_date":"2026-04-10T00:09:10","calc_backorders":null,"aioseo_notices":[],"_links":{"self":[{"href":"https:\/\/lilnaswimwear.com\/en\/wp-json\/wp\/v2\/product\/3348"}],"collection":[{"href":"https:\/\/lilnaswimwear.com\/en\/wp-json\/wp\/v2\/product"}],"about":[{"href":"https:\/\/lilnaswimwear.com\/en\/wp-json\/wp\/v2\/types\/product"}],"replies":[{"embeddable":true,"href":"https:\/\/lilnaswimwear.com\/en\/wp-json\/wp\/v2\/comments?post=3348"}],"wp:featuredmedia":[{"embeddable":true,"href":"https:\/\/lilnaswimwear.com\/en\/wp-json\/wp\/v2\/media\/3341"}],"wp:attachment":[{"href":"https:\/\/lilnaswimwear.com\/en\/wp-json\/wp\/v2\/media?parent=3348"}],"wp:term":[{"taxonomy":"product_cat","embeddable":true,"href":"https:\/\/lilnaswimwear.com\/en\/wp-json\/wp\/v2\/product_cat?post=3348"},{"taxonomy":"product_tag","embeddable":true,"href":"https:\/\/lilnaswimwear.com\/en\/wp-json\/wp\/v2\/product_tag?post=3348"}],"curies":[{"name":"wp","href":"https:\/\/api.w.org\/{rel}","templated":true}]}}