{"id":3315,"date":"2020-03-07T16:34:26","date_gmt":"2020-03-07T15:34:26","guid":{"rendered":"https:\/\/lilnaswimwear.com\/?post_type=product&#038;p=3315"},"modified":"2026-04-29T17:49:21","modified_gmt":"2026-04-29T15:49:21","slug":"bas-de-maillot-sculptant-reversible-terracotta-et-sable-irise-coco-marrakech","status":"publish","type":"product","link":"https:\/\/lilnaswimwear.com\/en\/boutique\/bas-de-maillot-de-bain\/culotte-haute\/bas-de-maillot-sculptant-reversible-terracotta-et-sable-irise-coco-marrakech\/","title":{"rendered":"Bas de maillot sculptant r\u00e9versible terracotta et sable iris\u00e9 &#8211; Coco Marrakech"},"content":{"rendered":"La culotte taille haute Coco sculptante cr\u00e9e un look r\u00e9tro et graphique.\u00a0Enveloppante, cette forme apporte un confort ultime et peut \u00e9galement \u00eatre retourn\u00e9 \u00e0 la taille pour celles qui voudraient bronzer du ventre, et ainsi laisser apparaitre la couleur verso du maillot de bain\u00a0!","protected":false},"excerpt":{"rendered":"<h2><span style=\"font-family: Arial, Helvetica, sans-serif; font-size: 12pt;\">Bas de maillot de bain culotte taille haute\u00a0<\/span><\/h2>\n<ul class=\"ul1\">\n<li><span style=\"font-family: Arial, Helvetica, sans-serif; font-size: 12pt;\">Coloris MARRAKECH : r\u00e9versible ocre mat et sable iris\u00e9<\/span><\/li>\n<li class=\"li1\"><span style=\"font-family: Arial, Helvetica, sans-serif; font-size: 12pt;\">Culotte haute gainante<\/span><\/li>\n<li><span style=\"font-family: Arial, Helvetica, sans-serif; font-size: 12pt;\">Mati\u00e8re au toucher soyeux, r\u00e9sistance\u00a0au chlore, aux cr\u00e8mes et huiles solaires et protection anti-UV<\/span><\/li>\n<li><span style=\"font-family: Arial, Helvetica, sans-serif; font-size: 12pt;\">Tissu certifi\u00e9 sans produits nocifs <strong>respectueux de la peau et de l&#8217;environnement.<\/strong><\/span><\/li>\n<\/ul>\n<p><span style=\"font-family: Arial, Helvetica, sans-serif; font-size: 12pt;\">Eden mesure 170 cm, avec un tour de hanches 89 cm et porte un taille 1.<\/span><\/p>\n<p><span style=\"font-family: Arial, Helvetica, sans-serif; font-size: 12pt;\">Ce mod\u00e8le taille grand : se r\u00e9f\u00e9rer au Guide des tailles ou pour toute question\u00a0<a href=\"https:\/\/lilnaswimwear.com\/contact\/\"><strong>contactez-nous\u00a0<\/strong><\/a><\/span><\/p>\n<h3><span style=\"font-family: Arial, Helvetica, sans-serif; font-size: 12pt;\"><strong>Tra\u00e7abilit\u00e9\u00a0<\/strong><\/span><\/h3>\n<p style=\"font-weight: 400;\"><span style=\"font-family: Arial, Helvetica, sans-serif; font-size: 12pt;\">Les collections sont pens\u00e9es en France et confectionn\u00e9es au Maroc\u00a0avec des\u00a0conditions de production respectueuses de la s\u00e9curit\u00e9 des salari\u00e9s.\u00a0<\/span><\/p>\n<h3><span style=\"font-family: Arial, Helvetica, sans-serif; font-size: 12pt;\"><strong>Mati\u00e8re\u00a0R\u00e9sistante\u00a0\u00a0<\/strong><\/span><\/h3>\n<p style=\"font-weight: 400;\"><span style=\"font-family: Arial, Helvetica, sans-serif; font-size: 12pt;\">Notre mati\u00e8re s\u00e9lectionn\u00e9e est\u00a0fine, \u00e9l\u00e9gante, extensible, douce et respirante :\u00a0un m\u00e9lange unique pour un maximum de confort !<\/span><\/p>\n<p style=\"font-weight: 400;\"><span style=\"font-family: Arial, Helvetica, sans-serif; font-size: 12pt;\">La mati\u00e8re mate est faite de fil\u00a0<strong>ECONYL\u00ae recycl\u00e9, provenant de filets de p\u00eache et autres\u00a0d\u00e9chets\u00a0r\u00e9cup\u00e9r\u00e9s des oc\u00e9ans.\u00a0<\/strong><\/span><\/p>\n","protected":false},"featured_media":5127,"comment_status":"closed","ping_status":"closed","template":"","meta":{"_monsterinsights_skip_tracking":false,"_monsterinsights_sitenote_active":false,"_monsterinsights_sitenote_note":"","_monsterinsights_sitenote_category":0},"product_cat":[222,188,191],"product_tag":[],"supplier_id":null,"supplier_sku":"","barcode":null,"atum_controlled":true,"out_stock_date":"2026-04-29 17:49:21","out_stock_threshold":null,"inheritable":true,"inbound_stock":0,"stock_on_hold":1,"sold_today":0,"sales_last_days":0,"reserved_stock":0,"customer_returns":0,"warehouse_damage":0,"lost_in_post":0,"other_logs":0,"out_stock_days":14,"lost_sales":0,"has_location":false,"update_date":"2026-05-14T00:03:40","atum_locations":[],"atum_stock_status":"outofstock","restock_status":false,"low_stock_amount":"","sales_update_date":"2026-05-14T00:03:40","calc_backorders":null,"aioseo_notices":[],"_links":{"self":[{"href":"https:\/\/lilnaswimwear.com\/en\/wp-json\/wp\/v2\/product\/3315"}],"collection":[{"href":"https:\/\/lilnaswimwear.com\/en\/wp-json\/wp\/v2\/product"}],"about":[{"href":"https:\/\/lilnaswimwear.com\/en\/wp-json\/wp\/v2\/types\/product"}],"replies":[{"embeddable":true,"href":"https:\/\/lilnaswimwear.com\/en\/wp-json\/wp\/v2\/comments?post=3315"}],"wp:featuredmedia":[{"embeddable":true,"href":"https:\/\/lilnaswimwear.com\/en\/wp-json\/wp\/v2\/media\/5127"}],"wp:attachment":[{"href":"https:\/\/lilnaswimwear.com\/en\/wp-json\/wp\/v2\/media?parent=3315"}],"wp:term":[{"taxonomy":"product_cat","embeddable":true,"href":"https:\/\/lilnaswimwear.com\/en\/wp-json\/wp\/v2\/product_cat?post=3315"},{"taxonomy":"product_tag","embeddable":true,"href":"https:\/\/lilnaswimwear.com\/en\/wp-json\/wp\/v2\/product_tag?post=3315"}],"curies":[{"name":"wp","href":"https:\/\/api.w.org\/{rel}","templated":true}]}}