{"id":3300,"date":"2020-03-07T16:29:20","date_gmt":"2020-03-07T15:29:20","guid":{"rendered":"https:\/\/lilnaswimwear.com\/?post_type=product&#038;p=3300"},"modified":"2026-03-26T17:25:41","modified_gmt":"2026-03-26T16:25:41","slug":"haut-de-bikini-brassiere-reversible-juju-marrakech","status":"publish","type":"product","link":"https:\/\/lilnaswimwear.com\/en\/boutique\/haut-de-maillot-de-bain\/brassiere-a-noeud\/haut-de-bikini-brassiere-reversible-juju-marrakech\/","title":{"rendered":"Brassi\u00e8re \u00e0 noeud r\u00e9versible terracotta et sable iris\u00e9 &#8211; Juju Marrakech"},"content":{"rendered":"Une forme brassi\u00e8re sans armatures, au look sport f\u00e9minin avec son n\u0153ud \u00e0 ajuster dans le dos. Gr\u00e2ce \u00e0 ses bretelles, la brassi\u00e8re Juju apporte un soutien optimal aux poitrines voluptueuses, et convient bien s\u00fbr aux plus petites.","protected":false},"excerpt":{"rendered":"<h2><span style=\"font-size: 12pt; font-family: Helvetica;\">Haut de maillot de bain forme brassi\u00e8re \u00e0 noeud ajustable<\/span><\/h2>\n<ul class=\"ul1\">\n<li><span style=\"font-size: 12pt; font-family: Helvetica;\">Coloris MARRAKECH : r\u00e9versible ocre mat et sable iris\u00e9<\/span><\/li>\n<li class=\"li1\"><span style=\"font-size: 12pt; font-family: Helvetica;\">Brassi\u00e8re avec n\u0153ud dans le dos<\/span><\/li>\n<li><span style=\"font-size: 12pt; font-family: Helvetica;\">Mati\u00e8re au toucher soyeux, r\u00e9sistance\u00a0au chlore, aux cr\u00e8mes et huiles solaires et protection anti-UV<\/span><\/li>\n<li><span style=\"font-size: 12pt; font-family: Helvetica;\">Tissu certifi\u00e9 sans produits nocifs<strong> respectueux de la peau et de l&#8217;environnement.<\/strong><\/span><\/li>\n<\/ul>\n<p><span style=\"font-size: 12pt; font-family: Helvetica;\">Eden mesure 170 cm avec un tour de poitrine de 85 cm et porte une taille 2.<\/span><\/p>\n<h3><span style=\"font-size: 12pt; font-family: Helvetica;\"><strong>Tra\u00e7abilit\u00e9\u00a0<\/strong><\/span><\/h3>\n<p style=\"font-weight: 400;\"><span style=\"font-size: 12pt; font-family: Helvetica;\">Les collections sont pens\u00e9es en France et confectionn\u00e9es au Maroc\u00a0avec des\u00a0conditions de production respectueuses de la s\u00e9curit\u00e9 des salari\u00e9s.\u00a0<\/span><\/p>\n<h3><span style=\"font-size: 12pt; font-family: Helvetica;\"><strong>Mati\u00e8re\u00a0R\u00e9sistante\u00a0\u00a0<\/strong><\/span><\/h3>\n<p style=\"font-weight: 400;\"><span style=\"font-size: 12pt; font-family: Helvetica;\">Notre mati\u00e8re s\u00e9lectionn\u00e9e est\u00a0fine, \u00e9l\u00e9gante, extensible, douce et respirante :\u00a0un m\u00e9lange unique pour un maximum de confort !<\/span><\/p>\n<p style=\"font-weight: 400;\"><span style=\"font-size: 12pt; font-family: Helvetica;\">La mati\u00e8re mate est faite de fil\u00a0<strong>ECONYL\u00ae recycl\u00e9, provenant de filets de p\u00eache et autres\u00a0d\u00e9chets\u00a0r\u00e9cup\u00e9r\u00e9s des oc\u00e9ans.\u00a0<\/strong><\/span><\/p>\n","protected":false},"featured_media":3902,"comment_status":"closed","ping_status":"closed","template":"","meta":{"_monsterinsights_skip_tracking":false,"_monsterinsights_sitenote_active":false,"_monsterinsights_sitenote_note":"","_monsterinsights_sitenote_category":0},"product_cat":[223,188,190],"product_tag":[],"supplier_id":null,"supplier_sku":"","barcode":null,"atum_controlled":true,"out_stock_date":null,"out_stock_threshold":null,"inheritable":true,"inbound_stock":0,"stock_on_hold":2,"sold_today":0,"sales_last_days":0,"reserved_stock":0,"customer_returns":0,"warehouse_damage":0,"lost_in_post":0,"other_logs":0,"out_stock_days":0,"lost_sales":0,"has_location":false,"update_date":"2026-04-10T00:09:12","atum_locations":[],"atum_stock_status":"instock","restock_status":false,"low_stock_amount":"","sales_update_date":"2026-04-10T00:09:12","calc_backorders":null,"aioseo_notices":[],"_links":{"self":[{"href":"https:\/\/lilnaswimwear.com\/en\/wp-json\/wp\/v2\/product\/3300"}],"collection":[{"href":"https:\/\/lilnaswimwear.com\/en\/wp-json\/wp\/v2\/product"}],"about":[{"href":"https:\/\/lilnaswimwear.com\/en\/wp-json\/wp\/v2\/types\/product"}],"replies":[{"embeddable":true,"href":"https:\/\/lilnaswimwear.com\/en\/wp-json\/wp\/v2\/comments?post=3300"}],"wp:featuredmedia":[{"embeddable":true,"href":"https:\/\/lilnaswimwear.com\/en\/wp-json\/wp\/v2\/media\/3902"}],"wp:attachment":[{"href":"https:\/\/lilnaswimwear.com\/en\/wp-json\/wp\/v2\/media?parent=3300"}],"wp:term":[{"taxonomy":"product_cat","embeddable":true,"href":"https:\/\/lilnaswimwear.com\/en\/wp-json\/wp\/v2\/product_cat?post=3300"},{"taxonomy":"product_tag","embeddable":true,"href":"https:\/\/lilnaswimwear.com\/en\/wp-json\/wp\/v2\/product_tag?post=3300"}],"curies":[{"name":"wp","href":"https:\/\/api.w.org\/{rel}","templated":true}]}}