{"id":3188,"date":"2020-03-07T15:46:27","date_gmt":"2020-03-07T14:46:27","guid":{"rendered":"https:\/\/lilnaswimwear.com\/?post_type=product&#038;p=3188"},"modified":"2026-03-26T17:16:05","modified_gmt":"2026-03-26T16:16:05","slug":"haut-de-bikini-brassiere-reversible-juju-st-tropez","status":"publish","type":"product","link":"https:\/\/lilnaswimwear.com\/en\/boutique\/haut-de-maillot-de-bain\/brassiere-a-noeud\/haut-de-bikini-brassiere-reversible-juju-st-tropez\/","title":{"rendered":"Brassi\u00e8re \u00e0 noeud r\u00e9versible cr\u00e8me et rose iris\u00e9 &#8211; Juju St Tropez"},"content":{"rendered":"Une forme brassi\u00e8re sans armatures, au look sport f\u00e9minin avec son n\u0153ud \u00e0 ajuster dans le dos. Gr\u00e2ce \u00e0 ses bretelles, la brassi\u00e8re Juju apporte un soutien optimal aux poitrines voluptueuses, et convient bien s\u00fbr aux plus petites.","protected":false},"excerpt":{"rendered":"<ul class=\"ul1\">\n<li><span style=\"font-family: Arial, Helvetica, sans-serif; font-size: 12pt;\">Coloris ST TROPEZ : r\u00e9versible blanc cr\u00e8me mat et rose p\u00eache iris\u00e9<\/span><\/li>\n<li class=\"li1\"><span style=\"font-family: Arial, Helvetica, sans-serif; font-size: 12pt;\">Brassi\u00e8re avec n\u0153ud dans le dos<\/span><\/li>\n<li><span style=\"font-family: Arial, Helvetica, sans-serif; font-size: 12pt;\">Mati\u00e8re au toucher soyeux, r\u00e9sistance\u00a0au chlore, aux cr\u00e8mes et huiles solaires et protection anti-UV<\/span><\/li>\n<li><span style=\"font-family: Arial, Helvetica, sans-serif; font-size: 12pt;\">Tissu certifi\u00e9 sans produits nocifs respectueux de la peau et de l&#8217;environnement.<\/span><\/li>\n<\/ul>\n<p><span style=\"font-family: Arial, Helvetica, sans-serif; font-size: 12pt;\">Eden mesure 170 cm avec un tour de poitrine de 85 cm et porte une taille 2.<\/span><\/p>\n<p><span style=\"font-family: Arial, Helvetica, sans-serif; font-size: 12pt;\"><strong>O\u00f9?\u00a0<\/strong><\/span><\/p>\n<p><span style=\"font-family: Arial, Helvetica, sans-serif; font-size: 12pt;\">Ce maillot de bain a \u00e9t\u00e9 cr\u00e9e en France et confectionn\u00e9 au Maroc. <\/span><\/p>\n<p><span style=\"font-family: Arial, Helvetica, sans-serif; font-size: 12pt;\"><strong>Comment? <\/strong><\/span><\/p>\n<p><span style=\"font-family: Arial, Helvetica, sans-serif; font-size: 12pt;\">Dans un tissu Italien ultra r\u00e9sistant, sans produits nocifs pour la peau et l&#8217;environnement et avec des\u00a0conditions de production respectueuses de la s\u00e9curit\u00e9 des salari\u00e9s.<\/span><\/p>\n<p><span style=\"font-family: Arial, Helvetica, sans-serif; font-size: 12pt;\">La mati\u00e8re mate est faite de fil\u00a0<b>ECONYL\u00ae de nylon r\u00e9g\u00e9n\u00e9r\u00e9 \u00e0 100% provenant de filets de p\u00eache recycl\u00e9s.<\/b><\/span><\/p>\n","protected":false},"featured_media":4930,"comment_status":"closed","ping_status":"closed","template":"","meta":{"_monsterinsights_skip_tracking":false,"_monsterinsights_sitenote_active":false,"_monsterinsights_sitenote_note":"","_monsterinsights_sitenote_category":0},"product_cat":[223,214,188,190],"product_tag":[],"supplier_id":null,"supplier_sku":"","barcode":null,"atum_controlled":true,"out_stock_date":null,"out_stock_threshold":null,"inheritable":true,"inbound_stock":0,"stock_on_hold":4,"sold_today":0,"sales_last_days":0,"reserved_stock":0,"customer_returns":0,"warehouse_damage":0,"lost_in_post":0,"other_logs":0,"out_stock_days":0,"lost_sales":0,"has_location":false,"update_date":"2026-05-14T00:03:38","atum_locations":[],"atum_stock_status":"instock","restock_status":false,"low_stock_amount":"","sales_update_date":"2026-05-14T00:03:38","calc_backorders":null,"aioseo_notices":[],"_links":{"self":[{"href":"https:\/\/lilnaswimwear.com\/en\/wp-json\/wp\/v2\/product\/3188"}],"collection":[{"href":"https:\/\/lilnaswimwear.com\/en\/wp-json\/wp\/v2\/product"}],"about":[{"href":"https:\/\/lilnaswimwear.com\/en\/wp-json\/wp\/v2\/types\/product"}],"replies":[{"embeddable":true,"href":"https:\/\/lilnaswimwear.com\/en\/wp-json\/wp\/v2\/comments?post=3188"}],"wp:featuredmedia":[{"embeddable":true,"href":"https:\/\/lilnaswimwear.com\/en\/wp-json\/wp\/v2\/media\/4930"}],"wp:attachment":[{"href":"https:\/\/lilnaswimwear.com\/en\/wp-json\/wp\/v2\/media?parent=3188"}],"wp:term":[{"taxonomy":"product_cat","embeddable":true,"href":"https:\/\/lilnaswimwear.com\/en\/wp-json\/wp\/v2\/product_cat?post=3188"},{"taxonomy":"product_tag","embeddable":true,"href":"https:\/\/lilnaswimwear.com\/en\/wp-json\/wp\/v2\/product_tag?post=3188"}],"curies":[{"name":"wp","href":"https:\/\/api.w.org\/{rel}","templated":true}]}}