{"id":1797,"date":"2019-07-17T14:34:34","date_gmt":"2019-07-17T12:34:34","guid":{"rendered":"https:\/\/lilnaswimwear.com\/?post_type=product&#038;p=1797"},"modified":"2026-04-29T17:55:20","modified_gmt":"2026-04-29T15:55:20","slug":"maillot-de-bain-bustier-ibiza","status":"publish","type":"product","link":"https:\/\/lilnaswimwear.com\/en\/boutique\/maillot-de-bain-une-piece\/bustier\/maillot-de-bain-bustier-ibiza\/","title":{"rendered":"Une-pi\u00e8ce bustier r\u00e9versible orange et beige &#8211; In\u00e8s Ibiza"},"content":{"rendered":"<p style=\"font-weight: 400;\">Une forme intemporelle bustier aux bonnets fron\u00e7\u00e9s, l\u00e9g\u00e8rement cintr\u00e9e \u00e0 la taille. Le mod\u00e8le In\u00e8s est id\u00e9al pour mettre en valeur toutes les morphologies, m\u00eame les fortes poitrines. \u00c0 porter en maillot de bain ou en body, pour une allure chic et un max de confort !<\/p>\n","protected":false},"excerpt":{"rendered":"<h2><span style=\"font-family: Helvetica; font-size: 12pt;\">Maillot de bain une-pi\u00e8ce bustier ultra-confortable\u00a0<\/span><\/h2>\n<ul class=\"ul1\">\n<li class=\"li1\"><span style=\"font-size: 12pt;\">Coloris IBIZA : r\u00e9versible tangerine mat et beige mat<\/span><\/li>\n<li><span style=\"font-size: 12pt;\">Mati\u00e8re au toucher soyeux, r\u00e9sistance\u00a0au chlore, aux cr\u00e8mes et huiles solaires et protection anti-UV<\/span><\/li>\n<li><span style=\"font-size: 12pt;\">Tissu labellis\u00e9 Oeko-Tex100, certifi\u00e9 sans produits nocifs respectueux de la peau et de l&#8217;environnement.<\/span><\/li>\n<\/ul>\n<p><span style=\"font-size: 12pt;\"><img decoding=\"async\" class=\"alignleft wp-image-5249 lazyload\" data-src=\"https:\/\/lilnaswimwear.com\/wp-content\/uploads\/2020\/03\/standard100.jpg\" alt=\"OEKO-TEX standard100\" width=\"131\" height=\"42\" src=\"data:image\/svg+xml;base64,PHN2ZyB3aWR0aD0iMSIgaGVpZ2h0PSIxIiB4bWxucz0iaHR0cDovL3d3dy53My5vcmcvMjAwMC9zdmciPjwvc3ZnPg==\" style=\"--smush-placeholder-width: 131px; --smush-placeholder-aspect-ratio: 131\/42;\" \/><\/span><\/p>\n<p>&nbsp;<\/p>\n<p>&nbsp;<\/p>\n<p><span style=\"font-size: 12pt;\">Eden porte une taille 2, elle mesure 170 cm avec un tour de poitrine de 85 cm et un tour de hanches de 89 cm.<\/span><\/p>\n<h3><span style=\"font-size: 12pt;\"><strong>Tra\u00e7abilit\u00e9\u00a0<\/strong><\/span><\/h3>\n<p style=\"font-weight: 400;\"><span style=\"font-size: 12pt;\">Les collections sont pens\u00e9es en France et confectionn\u00e9es au Maroc\u00a0avec des\u00a0conditions de production respectueuses de la s\u00e9curit\u00e9 des salari\u00e9s.\u00a0<\/span><\/p>\n<h3><span style=\"font-size: 12pt;\"><strong>Mati\u00e8re\u00a0R\u00e9sistante\u00a0\u00a0<\/strong><\/span><\/h3>\n<p style=\"font-weight: 400;\"><span style=\"font-size: 12pt;\">Notre mati\u00e8re s\u00e9lectionn\u00e9e est\u00a0fine, \u00e9l\u00e9gante, extensible, douce et respirante :\u00a0un m\u00e9lange unique pour un maximum de confort !<\/span><\/p>\n<p style=\"font-weight: 400;\"><span style=\"font-size: 12pt;\"><strong>Maillot de bain 100% recycl\u00e9<\/strong>, con\u00e7u en fil\u00a0<strong>ECONYL\u00ae provenant de filets de p\u00eache et autres\u00a0d\u00e9chets\u00a0r\u00e9cup\u00e9r\u00e9s des oc\u00e9ans.\u00a0<\/strong><\/span><\/p>\n","protected":false},"featured_media":2853,"comment_status":"closed","ping_status":"closed","template":"","meta":{"_monsterinsights_skip_tracking":false,"_monsterinsights_sitenote_active":false,"_monsterinsights_sitenote_note":"","_monsterinsights_sitenote_category":0},"product_cat":[214,220],"product_tag":[],"supplier_id":null,"supplier_sku":"","barcode":null,"atum_controlled":true,"out_stock_date":null,"out_stock_threshold":null,"inheritable":true,"inbound_stock":0,"stock_on_hold":2,"sold_today":0,"sales_last_days":0,"reserved_stock":0,"customer_returns":0,"warehouse_damage":0,"lost_in_post":0,"other_logs":0,"out_stock_days":0,"lost_sales":0,"has_location":false,"update_date":"2026-04-29T15:55:22","atum_locations":[],"atum_stock_status":"instock","restock_status":false,"low_stock_amount":"","sales_update_date":"2026-04-10T00:09:09","calc_backorders":null,"aioseo_notices":[],"_links":{"self":[{"href":"https:\/\/lilnaswimwear.com\/en\/wp-json\/wp\/v2\/product\/1797"}],"collection":[{"href":"https:\/\/lilnaswimwear.com\/en\/wp-json\/wp\/v2\/product"}],"about":[{"href":"https:\/\/lilnaswimwear.com\/en\/wp-json\/wp\/v2\/types\/product"}],"replies":[{"embeddable":true,"href":"https:\/\/lilnaswimwear.com\/en\/wp-json\/wp\/v2\/comments?post=1797"}],"wp:featuredmedia":[{"embeddable":true,"href":"https:\/\/lilnaswimwear.com\/en\/wp-json\/wp\/v2\/media\/2853"}],"wp:attachment":[{"href":"https:\/\/lilnaswimwear.com\/en\/wp-json\/wp\/v2\/media?parent=1797"}],"wp:term":[{"taxonomy":"product_cat","embeddable":true,"href":"https:\/\/lilnaswimwear.com\/en\/wp-json\/wp\/v2\/product_cat?post=1797"},{"taxonomy":"product_tag","embeddable":true,"href":"https:\/\/lilnaswimwear.com\/en\/wp-json\/wp\/v2\/product_tag?post=1797"}],"curies":[{"name":"wp","href":"https:\/\/api.w.org\/{rel}","templated":true}]}}