{"id":1146,"date":"2018-06-03T10:18:16","date_gmt":"2018-06-03T08:18:16","guid":{"rendered":"https:\/\/lilnaswimwear.com\/?post_type=product&#038;p=1146"},"modified":"2026-04-29T17:55:38","modified_gmt":"2026-04-29T15:55:38","slug":"%e2%80%a8pareo-orange-ibiza","status":"publish","type":"product","link":"https:\/\/lilnaswimwear.com\/en\/boutique\/pareo\/%e2%80%a8pareo-orange-ibiza\/","title":{"rendered":"Par\u00e9o de plage court orange mat 100% recycl\u00e9 &#8211; Ibiza"},"content":{"rendered":"<p>Nou\u00e9 autour de la taille, il rehausse en un clin d&#8217;\u0153il les maillots de bain de la collection!<\/p>\n","protected":false},"excerpt":{"rendered":"<h1><span style=\"font-family: Helvetica; font-size: 12pt;\"><b>Par\u00e9o de plage, id\u00e9al pour porter sur votre maillot de bain!\u00a0<\/b><\/span><\/h1>\n<ul class=\"ul1\">\n<li class=\"li2\"><span style=\"font-family: Helvetica; font-size: 12pt;\">Coloris IBIZA : Tangerine mat<\/span><\/li>\n<li class=\"li2\"><span style=\"font-family: Helvetica; font-size: 12pt;\">Mati\u00e8re Lycra, identique aux maillots de bain<\/span><\/li>\n<li class=\"li2\"><span style=\"font-family: Helvetica; font-size: 12pt;\">Tous les composants sont certifi\u00e9s Oeko-Tex100<\/span><\/li>\n<\/ul>\n<p><span style=\"font-family: Helvetica; font-size: 12pt;\">Fermeture nou\u00e9e ajustable<\/span><\/p>\n<h2><span style=\"font-family: Helvetica; font-size: 12pt;\"><b>Tra\u00e7abilit\u00e9\u00a0<\/b><\/span><\/h2>\n<p><span style=\"font-family: Helvetica; font-size: 12pt;\"><b>Les collections sont pens\u00e9es en France et confectionn\u00e9es au Maroc\u00a0avec des\u00a0conditions de production respectueuses de la s\u00e9curit\u00e9 des salari\u00e9s.\u00a0<\/b><\/span><\/p>\n<h2><span style=\"font-family: Helvetica; font-size: 12pt;\"><b>Mati\u00e8re\u00a0R\u00e9sistante\u00a0\u00a0<\/b><\/span><\/h2>\n<p><span style=\"font-family: Helvetica; font-size: 12pt;\">Notre mati\u00e8re s\u00e9lectionn\u00e9e est\u00a0fine, \u00e9l\u00e9gante, extensible, douce et respirante :\u00a0un m\u00e9lange unique pour un maximum de confort !<\/span><\/p>\n<p><span style=\"font-family: Helvetica; font-size: 12pt;\"><b>Par\u00e9o 100% recycl\u00e9<\/b>, con\u00e7u en fil\u00a0<b>ECONYL\u00ae provenant de filets de p\u00eache et autres\u00a0d\u00e9chets\u00a0r\u00e9cup\u00e9r\u00e9s des oc\u00e9ans.\u00a0<\/b><\/span><\/p>\n","protected":false},"featured_media":2940,"comment_status":"closed","ping_status":"closed","template":"","meta":{"_monsterinsights_skip_tracking":false,"_monsterinsights_sitenote_active":false,"_monsterinsights_sitenote_note":"","_monsterinsights_sitenote_category":0},"product_cat":[214,179],"product_tag":[],"supplier_id":null,"supplier_sku":"","barcode":null,"atum_controlled":false,"out_stock_date":null,"out_stock_threshold":null,"inheritable":false,"inbound_stock":null,"stock_on_hold":0,"sold_today":0,"sales_last_days":0,"reserved_stock":null,"customer_returns":null,"warehouse_damage":null,"lost_in_post":null,"other_logs":null,"out_stock_days":0,"lost_sales":0,"has_location":false,"update_date":"2026-04-29T15:55:39","atum_locations":[],"atum_stock_status":"instock","restock_status":false,"low_stock_amount":"","sales_update_date":"2026-04-10T00:09:08","calc_backorders":null,"aioseo_notices":[],"_links":{"self":[{"href":"https:\/\/lilnaswimwear.com\/en\/wp-json\/wp\/v2\/product\/1146"}],"collection":[{"href":"https:\/\/lilnaswimwear.com\/en\/wp-json\/wp\/v2\/product"}],"about":[{"href":"https:\/\/lilnaswimwear.com\/en\/wp-json\/wp\/v2\/types\/product"}],"replies":[{"embeddable":true,"href":"https:\/\/lilnaswimwear.com\/en\/wp-json\/wp\/v2\/comments?post=1146"}],"wp:featuredmedia":[{"embeddable":true,"href":"https:\/\/lilnaswimwear.com\/en\/wp-json\/wp\/v2\/media\/2940"}],"wp:attachment":[{"href":"https:\/\/lilnaswimwear.com\/en\/wp-json\/wp\/v2\/media?parent=1146"}],"wp:term":[{"taxonomy":"product_cat","embeddable":true,"href":"https:\/\/lilnaswimwear.com\/en\/wp-json\/wp\/v2\/product_cat?post=1146"},{"taxonomy":"product_tag","embeddable":true,"href":"https:\/\/lilnaswimwear.com\/en\/wp-json\/wp\/v2\/product_tag?post=1146"}],"curies":[{"name":"wp","href":"https:\/\/api.w.org\/{rel}","templated":true}]}}