{"id":1143,"date":"2018-06-02T19:13:25","date_gmt":"2018-06-02T17:13:25","guid":{"rendered":"https:\/\/lilnaswimwear.com\/?post_type=product&#038;p=1143"},"modified":"2025-03-31T03:36:04","modified_gmt":"2025-03-31T01:36:04","slug":"pareo-coloris-los-angeles","status":"publish","type":"product","link":"https:\/\/lilnaswimwear.com\/en\/boutique\/pareo\/pareo-coloris-los-angeles\/","title":{"rendered":"Par\u00e9o de plage court vert \u00e9meraude 100% recycl\u00e9 &#8211; Los Angeles"},"content":{"rendered":"<p>Nou\u00e9 autour de la taille, il rehausse en un clin d&#8217;\u0153il les maillots de bain de la collection!<\/p>\n","protected":false},"excerpt":{"rendered":"<h1><span style=\"font-size: 12pt; font-family: Helvetica;\"><b>Par\u00e9o de plage, id\u00e9al pour porter sur votre maillot de bain!\u00a0<\/b><\/span><\/h1>\n<ul class=\"ul1\">\n<li class=\"li2\"><span style=\"font-size: 12pt; font-family: Helvetica;\">Coloris LOS ANGELES\u00a0: Vert \u00e9meraude mat<\/span><\/li>\n<li class=\"li2\"><span style=\"font-size: 12pt; font-family: Helvetica;\">Mati\u00e8re Lycra, identique aux maillots de bain<\/span><\/li>\n<li class=\"li2\"><span style=\"font-size: 12pt; font-family: Helvetica;\">Tous les composants sont certifi\u00e9s Oeko-Tex100<\/span><\/li>\n<li class=\"li2\"><span style=\"font-size: 12pt; font-family: Helvetica;\">Fermeture nou\u00e9e ajustable<\/span><\/li>\n<\/ul>\n<h2><span style=\"font-size: 12pt; font-family: Helvetica;\"><b>Tra\u00e7abilit\u00e9\u00a0<\/b><\/span><\/h2>\n<p><span style=\"font-size: 12pt; font-family: Helvetica;\"><b>Les collections sont pens\u00e9es en France et confectionn\u00e9es au Maroc\u00a0avec des\u00a0conditions de production respectueuses de la s\u00e9curit\u00e9 des salari\u00e9s.\u00a0<\/b><\/span><\/p>\n<h2><span style=\"font-size: 12pt; font-family: Helvetica;\"><b>Mati\u00e8re\u00a0R\u00e9sistante\u00a0\u00a0<\/b><\/span><\/h2>\n<p><span style=\"font-size: 12pt; font-family: Helvetica;\">Notre mati\u00e8re s\u00e9lectionn\u00e9e est\u00a0fine, \u00e9l\u00e9gante, extensible, douce et respirante :\u00a0un m\u00e9lange unique pour un maximum de confort !<\/span><\/p>\n<p><span style=\"font-size: 12pt; font-family: Helvetica;\"><b>Par\u00e9o 100% recycl\u00e9<\/b>, con\u00e7u en fil\u00a0<b>ECONYL\u00ae provenant de filets de p\u00eache et autres\u00a0d\u00e9chets\u00a0r\u00e9cup\u00e9r\u00e9s des oc\u00e9ans.\u00a0<\/b><\/span><\/p>\n","protected":false},"featured_media":2983,"comment_status":"closed","ping_status":"closed","template":"","meta":{"_monsterinsights_skip_tracking":false,"_monsterinsights_sitenote_active":false,"_monsterinsights_sitenote_note":"","_monsterinsights_sitenote_category":0},"product_cat":[214,179],"product_tag":[],"supplier_id":null,"supplier_sku":"","barcode":null,"atum_controlled":true,"out_stock_date":null,"out_stock_threshold":null,"inheritable":false,"inbound_stock":0,"stock_on_hold":1,"sold_today":0,"sales_last_days":0,"reserved_stock":0,"customer_returns":0,"warehouse_damage":0,"lost_in_post":0,"other_logs":0,"out_stock_days":0,"lost_sales":0,"has_location":false,"update_date":"2026-04-10T00:09:08","atum_locations":[],"atum_stock_status":"instock","restock_status":false,"low_stock_amount":"","sales_update_date":"2026-04-10T00:09:08","calc_backorders":null,"aioseo_notices":[],"_links":{"self":[{"href":"https:\/\/lilnaswimwear.com\/en\/wp-json\/wp\/v2\/product\/1143"}],"collection":[{"href":"https:\/\/lilnaswimwear.com\/en\/wp-json\/wp\/v2\/product"}],"about":[{"href":"https:\/\/lilnaswimwear.com\/en\/wp-json\/wp\/v2\/types\/product"}],"replies":[{"embeddable":true,"href":"https:\/\/lilnaswimwear.com\/en\/wp-json\/wp\/v2\/comments?post=1143"}],"wp:featuredmedia":[{"embeddable":true,"href":"https:\/\/lilnaswimwear.com\/en\/wp-json\/wp\/v2\/media\/2983"}],"wp:attachment":[{"href":"https:\/\/lilnaswimwear.com\/en\/wp-json\/wp\/v2\/media?parent=1143"}],"wp:term":[{"taxonomy":"product_cat","embeddable":true,"href":"https:\/\/lilnaswimwear.com\/en\/wp-json\/wp\/v2\/product_cat?post=1143"},{"taxonomy":"product_tag","embeddable":true,"href":"https:\/\/lilnaswimwear.com\/en\/wp-json\/wp\/v2\/product_tag?post=1143"}],"curies":[{"name":"wp","href":"https:\/\/api.w.org\/{rel}","templated":true}]}}