{"id":1085,"date":"2018-05-24T14:48:24","date_gmt":"2018-05-24T12:48:24","guid":{"rendered":"http:\/\/lilnaswimwear.com\/?post_type=product&#038;p=1085"},"modified":"2026-03-26T17:17:13","modified_gmt":"2026-03-26T16:17:13","slug":"bas-bikini-noeuds-reversible-lili-los-angeles","status":"publish","type":"product","link":"https:\/\/lilnaswimwear.com\/en\/boutique\/last-chance\/bas-bikini-noeuds-reversible-lili-los-angeles\/","title":{"rendered":"Bas \u00e0 nouer r\u00e9versible vert \u00e9meraude et bleu mat &#8211; Lili Los Angeles"},"content":{"rendered":"<p>Ce bas de bikini classique et confortable comprend des liens sur les c\u00f4t\u00e9s permettant de l\u2019ajuster \u00e0 son tour de hanche.<\/p>\n","protected":false},"excerpt":{"rendered":"<ul>\n<li>Coloris LOS ANGELES : r\u00e9versible vert \u00e9meraude mat et bleu mat<\/li>\n<li>Bas de bikini \u00e0 n\u0153uds r\u00e9glables<\/li>\n<li>Mati\u00e8re au toucher soyeux, r\u00e9sistance\u00a0au chlore, aux cr\u00e8mes et huiles solaires et protection anti-UV<\/li>\n<li>Tissu certifi\u00e9 sans produits nocifs respectueux de la peau et de l&#8217;environnement.<\/li>\n<\/ul>\n<p>Laure mesure 168 cm avec un tour de hanches 86 cm et porte une taille 1.<\/p>\n<p><span style=\"font-family: seravek;\"><strong>O\u00f9?\u00a0<\/strong><\/span><\/p>\n<p><span style=\"font-family: seravek;\">Ce maillot de bain a \u00e9t\u00e9 cr\u00e9e en France et confectionn\u00e9 au Maroc. <\/span><\/p>\n<p><strong><span style=\"font-family: seravek;\">Comment? <\/span><\/strong><\/p>\n<p><span style=\"font-family: seravek;\">Dans un tissu Italien ultra r\u00e9sistant, sans produits nocifs pour la peau et l&#8217;environnement et avec des\u00a0conditions de production respectueuses de la s\u00e9curit\u00e9 des salari\u00e9s.<\/span><\/p>\n<p><span style=\"font-family: seravek;\">La mati\u00e8re mate est faite de fil\u00a0<b>ECONYL\u00ae de nylon r\u00e9g\u00e9n\u00e9r\u00e9 \u00e0 100% provenant de filets de p\u00eache recycl\u00e9s.<\/b><\/span><\/p>\n","protected":false},"featured_media":3070,"comment_status":"closed","ping_status":"closed","template":"","meta":{"_monsterinsights_skip_tracking":false,"_monsterinsights_sitenote_active":false,"_monsterinsights_sitenote_note":"","_monsterinsights_sitenote_category":0},"product_cat":[214],"product_tag":[],"supplier_id":null,"supplier_sku":"","barcode":null,"atum_controlled":true,"out_stock_date":null,"out_stock_threshold":null,"inheritable":true,"inbound_stock":0,"stock_on_hold":2,"sold_today":0,"sales_last_days":0,"reserved_stock":0,"customer_returns":0,"warehouse_damage":0,"lost_in_post":0,"other_logs":0,"out_stock_days":0,"lost_sales":0,"has_location":false,"update_date":"2026-04-10T00:09:10","atum_locations":[],"atum_stock_status":"instock","restock_status":false,"low_stock_amount":"","sales_update_date":"2026-04-10T00:09:10","calc_backorders":null,"aioseo_notices":[],"_links":{"self":[{"href":"https:\/\/lilnaswimwear.com\/en\/wp-json\/wp\/v2\/product\/1085"}],"collection":[{"href":"https:\/\/lilnaswimwear.com\/en\/wp-json\/wp\/v2\/product"}],"about":[{"href":"https:\/\/lilnaswimwear.com\/en\/wp-json\/wp\/v2\/types\/product"}],"replies":[{"embeddable":true,"href":"https:\/\/lilnaswimwear.com\/en\/wp-json\/wp\/v2\/comments?post=1085"}],"wp:featuredmedia":[{"embeddable":true,"href":"https:\/\/lilnaswimwear.com\/en\/wp-json\/wp\/v2\/media\/3070"}],"wp:attachment":[{"href":"https:\/\/lilnaswimwear.com\/en\/wp-json\/wp\/v2\/media?parent=1085"}],"wp:term":[{"taxonomy":"product_cat","embeddable":true,"href":"https:\/\/lilnaswimwear.com\/en\/wp-json\/wp\/v2\/product_cat?post=1085"},{"taxonomy":"product_tag","embeddable":true,"href":"https:\/\/lilnaswimwear.com\/en\/wp-json\/wp\/v2\/product_tag?post=1085"}],"curies":[{"name":"wp","href":"https:\/\/api.w.org\/{rel}","templated":true}]}}