{"id":1075,"date":"2018-05-24T14:30:21","date_gmt":"2018-05-24T12:30:21","guid":{"rendered":"http:\/\/lilnaswimwear.com\/?post_type=product&#038;p=1075"},"modified":"2026-03-26T17:16:33","modified_gmt":"2026-03-26T16:16:33","slug":"haut-de-bikini-triangle-reversible-nana-los-angeles","status":"publish","type":"product","link":"https:\/\/lilnaswimwear.com\/en\/boutique\/last-chance\/haut-de-bikini-triangle-reversible-nana-los-angeles\/","title":{"rendered":"Triangle r\u00e9versible vert \u00e9meraude et bleu mat 100% recycl\u00e9 &#8211; Nana Los Angeles"},"content":{"rendered":"<p>Un triangle au dos danseuse singulier et d\u00e9collet\u00e9 \u00e9chancr\u00e9 pour d\u00e9voiler vos plus beaux atouts. Il s\u2019enfile comme un gilet, se noue devant pour mettre en valeur les petites poitrines et apporter un maintien optimal jusqu\u2019au bonnet D, m\u00eame sans armatures !<\/p>\n","protected":false},"excerpt":{"rendered":"<ul>\n<li><span style=\"font-family: Arial, Helvetica, sans-serif;\">Coloris LOS ANGELES : r\u00e9versible vert \u00e9meraude mat et bleu mat<\/span><\/li>\n<li><span style=\"font-family: Arial, Helvetica, sans-serif;\">Mati\u00e8re au toucher soyeux, r\u00e9sistance\u00a0au chlore, aux cr\u00e8mes et huiles solaires et protection anti-UV<\/span><\/li>\n<li><span style=\"font-family: Arial, Helvetica, sans-serif;\">Tissu certifi\u00e9 sans produits nocifs respectueux de la peau et de l&#8217;environnement.<\/span><\/li>\n<\/ul>\n<p><span style=\"font-family: Arial, Helvetica, sans-serif;\">Laure mesure 168 cm avec un tour de poitrine de 82 cm et porte une taille 1.<\/span><\/p>\n<p><span style=\"font-family: Arial, Helvetica, sans-serif;\">N&#8217;h\u00e9sitez pas \u00e0 prendre plus grand que votre taille habituelle pour ce mod\u00e8le qui taille l\u00e9g\u00e8rement petit \ud83d\ude09<\/span><\/p>\n<p><span style=\"font-family: Arial, Helvetica, sans-serif;\"><strong>O\u00f9?\u00a0<\/strong><\/span><\/p>\n<p><span style=\"font-family: Arial, Helvetica, sans-serif;\">Ce maillot de bain a \u00e9t\u00e9 cr\u00e9e en France et confectionn\u00e9 au Maroc. <\/span><\/p>\n<p><span style=\"font-family: Arial, Helvetica, sans-serif;\"><strong>Comment? <\/strong><\/span><\/p>\n<p><span style=\"font-family: Arial, Helvetica, sans-serif;\">Dans un tissu Italien ultra r\u00e9sistant, sans produits nocifs pour la peau et l&#8217;environnement et avec des\u00a0conditions de production respectueuses de la s\u00e9curit\u00e9 des salari\u00e9s.<\/span><\/p>\n<p><span style=\"font-family: Arial, Helvetica, sans-serif;\">La mati\u00e8re mate est faite de fil\u00a0<b>ECONYL\u00ae de nylon r\u00e9g\u00e9n\u00e9r\u00e9 \u00e0 100% provenant de filets de p\u00eache recycl\u00e9s.<\/b><\/span><\/p>\n","protected":false},"featured_media":3096,"comment_status":"closed","ping_status":"closed","template":"","meta":{"_monsterinsights_skip_tracking":false,"_monsterinsights_sitenote_active":false,"_monsterinsights_sitenote_note":"","_monsterinsights_sitenote_category":0},"product_cat":[214],"product_tag":[],"supplier_id":null,"supplier_sku":"","barcode":null,"atum_controlled":true,"out_stock_date":null,"out_stock_threshold":null,"inheritable":true,"inbound_stock":0,"stock_on_hold":6,"sold_today":0,"sales_last_days":0,"reserved_stock":0,"customer_returns":0,"warehouse_damage":0,"lost_in_post":0,"other_logs":0,"out_stock_days":0,"lost_sales":0,"has_location":false,"update_date":"2026-04-10T00:09:09","atum_locations":[],"atum_stock_status":"instock","restock_status":false,"low_stock_amount":"","sales_update_date":"2026-04-10T00:09:09","calc_backorders":null,"aioseo_notices":[],"_links":{"self":[{"href":"https:\/\/lilnaswimwear.com\/en\/wp-json\/wp\/v2\/product\/1075"}],"collection":[{"href":"https:\/\/lilnaswimwear.com\/en\/wp-json\/wp\/v2\/product"}],"about":[{"href":"https:\/\/lilnaswimwear.com\/en\/wp-json\/wp\/v2\/types\/product"}],"replies":[{"embeddable":true,"href":"https:\/\/lilnaswimwear.com\/en\/wp-json\/wp\/v2\/comments?post=1075"}],"wp:featuredmedia":[{"embeddable":true,"href":"https:\/\/lilnaswimwear.com\/en\/wp-json\/wp\/v2\/media\/3096"}],"wp:attachment":[{"href":"https:\/\/lilnaswimwear.com\/en\/wp-json\/wp\/v2\/media?parent=1075"}],"wp:term":[{"taxonomy":"product_cat","embeddable":true,"href":"https:\/\/lilnaswimwear.com\/en\/wp-json\/wp\/v2\/product_cat?post=1075"},{"taxonomy":"product_tag","embeddable":true,"href":"https:\/\/lilnaswimwear.com\/en\/wp-json\/wp\/v2\/product_tag?post=1075"}],"curies":[{"name":"wp","href":"https:\/\/api.w.org\/{rel}","templated":true}]}}