{"id":1054,"date":"2018-05-24T14:26:33","date_gmt":"2018-05-24T12:26:33","guid":{"rendered":"http:\/\/lilnaswimwear.com\/?post_type=product&#038;p=1054"},"modified":"2026-03-26T17:16:47","modified_gmt":"2026-03-26T16:16:47","slug":"haut-de-bikini-bandeau-reversible-lili-los-angeles","status":"publish","type":"product","link":"https:\/\/lilnaswimwear.com\/en\/boutique\/last-chance\/haut-de-bikini-bandeau-reversible-lili-los-angeles\/","title":{"rendered":"Bandeau r\u00e9versible vert \u00e9meraude et bleu mat 100% recycl\u00e9 &#8211; Lili Los Angeles"},"content":{"rendered":"<p>Le bandeau Lili est un mod\u00e8le iconique c\u00e9l\u00e8bre pour sa coupe sans armatures, graphique et f\u00e9minine.\u00a0Ses lani\u00e8res peuvent \u00eatre nou\u00e9es simplement derri\u00e8re, ou devant pour un effet crois\u00e9 dans le dos.\u00a0Gr\u00e2ce \u00e0 ses fronces et ses baleines lat\u00e9rales, le bandeau s\u2019adapte et enveloppe toutes les poitrines jusqu\u2019au bonnet E, m\u00eame sans bretelles. A porter twix\u00e9 pour plus de fun !<\/p>\n","protected":false},"excerpt":{"rendered":"<ul>\n<li>Coloris LOS ANGELES : r\u00e9versible vert \u00e9meraude mat et bleu mat<\/li>\n<li>Mati\u00e8re au toucher soyeux, r\u00e9sistance\u00a0au chlore, aux cr\u00e8mes et huiles solaires et protection anti-UV<\/li>\n<li>Tissu certifi\u00e9 sans produits nocifs respectueux de la peau et de l&#8217;environnement.<\/li>\n<\/ul>\n<p>Laure mesure 168 cm avec un tour de poitrine de 82 cm et porte une taille 1.<\/p>\n<p><span style=\"font-family: seravek;\"><strong>O\u00f9?\u00a0<\/strong><\/span><\/p>\n<p><span style=\"font-family: seravek;\">Ce maillot de bain a \u00e9t\u00e9 cr\u00e9e en France et confectionn\u00e9 au Maroc. <\/span><\/p>\n<p><strong><span style=\"font-family: seravek;\">Comment? <\/span><\/strong><\/p>\n<p><span style=\"font-family: seravek;\">Dans un tissu Italien ultra r\u00e9sistant, sans produits nocifs pour la peau et l&#8217;environnement et avec des\u00a0conditions de production respectueuses de la s\u00e9curit\u00e9 des salari\u00e9s.<\/span><\/p>\n<p><span style=\"font-family: seravek;\">La mati\u00e8re mate est faite de fil\u00a0<b>ECONYL\u00ae de nylon r\u00e9g\u00e9n\u00e9r\u00e9 \u00e0 100% provenant de filets de p\u00eache recycl\u00e9s.<\/b><\/span><\/p>\n","protected":false},"featured_media":3069,"comment_status":"closed","ping_status":"closed","template":"","meta":{"_monsterinsights_skip_tracking":false,"_monsterinsights_sitenote_active":false,"_monsterinsights_sitenote_note":"","_monsterinsights_sitenote_category":0},"product_cat":[214],"product_tag":[],"supplier_id":null,"supplier_sku":"","barcode":null,"atum_controlled":true,"out_stock_date":null,"out_stock_threshold":null,"inheritable":true,"inbound_stock":0,"stock_on_hold":3,"sold_today":0,"sales_last_days":0,"reserved_stock":0,"customer_returns":0,"warehouse_damage":0,"lost_in_post":0,"other_logs":0,"out_stock_days":0,"lost_sales":0,"has_location":false,"update_date":"2026-04-10T00:09:09","atum_locations":[],"atum_stock_status":"instock","restock_status":false,"low_stock_amount":"","sales_update_date":"2026-04-10T00:09:09","calc_backorders":null,"aioseo_notices":[],"_links":{"self":[{"href":"https:\/\/lilnaswimwear.com\/en\/wp-json\/wp\/v2\/product\/1054"}],"collection":[{"href":"https:\/\/lilnaswimwear.com\/en\/wp-json\/wp\/v2\/product"}],"about":[{"href":"https:\/\/lilnaswimwear.com\/en\/wp-json\/wp\/v2\/types\/product"}],"replies":[{"embeddable":true,"href":"https:\/\/lilnaswimwear.com\/en\/wp-json\/wp\/v2\/comments?post=1054"}],"wp:featuredmedia":[{"embeddable":true,"href":"https:\/\/lilnaswimwear.com\/en\/wp-json\/wp\/v2\/media\/3069"}],"wp:attachment":[{"href":"https:\/\/lilnaswimwear.com\/en\/wp-json\/wp\/v2\/media?parent=1054"}],"wp:term":[{"taxonomy":"product_cat","embeddable":true,"href":"https:\/\/lilnaswimwear.com\/en\/wp-json\/wp\/v2\/product_cat?post=1054"},{"taxonomy":"product_tag","embeddable":true,"href":"https:\/\/lilnaswimwear.com\/en\/wp-json\/wp\/v2\/product_tag?post=1054"}],"curies":[{"name":"wp","href":"https:\/\/api.w.org\/{rel}","templated":true}]}}