{"id":1049,"date":"2018-05-24T09:33:43","date_gmt":"2018-05-24T07:33:43","guid":{"rendered":"http:\/\/lilnaswimwear.com\/?post_type=product&#038;p=1049"},"modified":"2026-04-29T17:53:59","modified_gmt":"2026-04-29T15:53:59","slug":"bas-de-bikini-noeuds-reversible-lili-cannes","status":"publish","type":"product","link":"https:\/\/lilnaswimwear.com\/en\/boutique\/last-chance\/bas-de-bikini-noeuds-reversible-lili-cannes\/","title":{"rendered":"Bas \u00e0 nouer r\u00e9versible rouge cerise et bordeaux mat 100% recycl\u00e9 &#8211; Lili Cannes"},"content":{"rendered":"<p>Ce bas de bikini classique et confortable comprend des liens sur les c\u00f4t\u00e9s permettant de l\u2019ajuster \u00e0 votre tour de hanche. Echancr\u00e9 juste comme il faut, vous pourrez le porter de fa\u00e7on classique, ou sur les hanches pour un look br\u00e9silien !<\/p>\n","protected":false},"excerpt":{"rendered":"<h2><span style=\"font-size: 12pt; font-family: Helvetica;\">Bas de maillot de bain avec noeuds r\u00e9glables\u00a0<\/span><\/h2>\n<ul>\n<li><span style=\"font-size: 12pt; font-family: Helvetica;\">Coloris CANNES : r\u00e9versible rouge cerise et bordeaux mat<\/span><\/li>\n<li><span style=\"font-size: 12pt; font-family: Helvetica;\">Bas de bikini \u00e0 n\u0153uds r\u00e9glables sur les hanches<\/span><\/li>\n<li><span style=\"font-size: 12pt; font-family: Helvetica;\">Mati\u00e8re au toucher soyeux, r\u00e9sistance\u00a0au chlore, aux cr\u00e8mes et huiles solaires et protection anti-UV<\/span><\/li>\n<li><span style=\"font-size: 12pt; font-family: Helvetica;\">Tissu labellis\u00e9 Oeko-Tex100, certifi\u00e9 sans produits nocifs respectueux de la peau et de l&#8217;environnement.<\/span><\/li>\n<\/ul>\n<p><span style=\"font-size: 12pt; font-family: Helvetica;\"><img decoding=\"async\" class=\"wp-image-5249 alignnone lazyload\" data-src=\"https:\/\/lilnaswimwear.com\/wp-content\/uploads\/2020\/03\/standard100.jpg\" alt=\"OEKO-TEX standard100\" width=\"147\" height=\"47\" src=\"data:image\/svg+xml;base64,PHN2ZyB3aWR0aD0iMSIgaGVpZ2h0PSIxIiB4bWxucz0iaHR0cDovL3d3dy53My5vcmcvMjAwMC9zdmciPjwvc3ZnPg==\" style=\"--smush-placeholder-width: 147px; --smush-placeholder-aspect-ratio: 147\/47;\" \/><\/span><\/p>\n<p><span style=\"font-size: 12pt; font-family: Helvetica;\">Laure mesure 168 cm avec un tour de hanches 86 cm et porte une taille 1.<\/span><\/p>\n<h3><span style=\"font-size: 12pt; font-family: Helvetica;\"><strong>Tra\u00e7abilit\u00e9\u00a0<\/strong><\/span><\/h3>\n<p style=\"font-weight: 400;\"><span style=\"font-size: 12pt; font-family: Helvetica;\">Les collections sont pens\u00e9es en France et confectionn\u00e9es au Maroc\u00a0avec des\u00a0conditions de production respectueuses de la s\u00e9curit\u00e9 des salari\u00e9s.\u00a0<\/span><\/p>\n<h3><span style=\"font-size: 12pt; font-family: Helvetica;\"><strong>Mati\u00e8re\u00a0R\u00e9sistante\u00a0\u00a0<\/strong><\/span><\/h3>\n<p style=\"font-weight: 400;\"><span style=\"font-size: 12pt; font-family: Helvetica;\">Notre mati\u00e8re s\u00e9lectionn\u00e9e est\u00a0fine, \u00e9l\u00e9gante, extensible, douce et respirante :\u00a0un m\u00e9lange unique pour un maximum de confort !<\/span><\/p>\n<p style=\"font-weight: 400;\"><span style=\"font-size: 12pt; font-family: Helvetica;\"><strong>Maillot de bain 100% recycl\u00e9<\/strong>, con\u00e7u en fil\u00a0<strong>ECONYL\u00ae provenant de filets de p\u00eache et autres\u00a0d\u00e9chets\u00a0r\u00e9cup\u00e9r\u00e9s des oc\u00e9ans.\u00a0<\/strong><\/span><\/p>\n<p style=\"font-weight: 400;\"><span style=\"font-size: 12pt; font-family: Helvetica;\"><strong>\u00a0<\/strong><\/span><\/p>\n","protected":false},"featured_media":3113,"comment_status":"closed","ping_status":"closed","template":"","meta":{"_monsterinsights_skip_tracking":false,"_monsterinsights_sitenote_active":false,"_monsterinsights_sitenote_note":"","_monsterinsights_sitenote_category":0},"product_cat":[214],"product_tag":[],"supplier_id":null,"supplier_sku":"","barcode":null,"atum_controlled":true,"out_stock_date":null,"out_stock_threshold":null,"inheritable":true,"inbound_stock":0,"stock_on_hold":5,"sold_today":0,"sales_last_days":0,"reserved_stock":0,"customer_returns":0,"warehouse_damage":0,"lost_in_post":0,"other_logs":0,"out_stock_days":0,"lost_sales":0,"has_location":false,"update_date":"2026-04-29T15:54:00","atum_locations":[],"atum_stock_status":"instock","restock_status":false,"low_stock_amount":"","sales_update_date":"2026-04-10T00:09:07","calc_backorders":null,"aioseo_notices":[],"_links":{"self":[{"href":"https:\/\/lilnaswimwear.com\/en\/wp-json\/wp\/v2\/product\/1049"}],"collection":[{"href":"https:\/\/lilnaswimwear.com\/en\/wp-json\/wp\/v2\/product"}],"about":[{"href":"https:\/\/lilnaswimwear.com\/en\/wp-json\/wp\/v2\/types\/product"}],"replies":[{"embeddable":true,"href":"https:\/\/lilnaswimwear.com\/en\/wp-json\/wp\/v2\/comments?post=1049"}],"wp:featuredmedia":[{"embeddable":true,"href":"https:\/\/lilnaswimwear.com\/en\/wp-json\/wp\/v2\/media\/3113"}],"wp:attachment":[{"href":"https:\/\/lilnaswimwear.com\/en\/wp-json\/wp\/v2\/media?parent=1049"}],"wp:term":[{"taxonomy":"product_cat","embeddable":true,"href":"https:\/\/lilnaswimwear.com\/en\/wp-json\/wp\/v2\/product_cat?post=1049"},{"taxonomy":"product_tag","embeddable":true,"href":"https:\/\/lilnaswimwear.com\/en\/wp-json\/wp\/v2\/product_tag?post=1049"}],"curies":[{"name":"wp","href":"https:\/\/api.w.org\/{rel}","templated":true}]}}