{"id":1017,"date":"2018-05-24T09:20:16","date_gmt":"2018-05-24T07:20:16","guid":{"rendered":"http:\/\/lilnaswimwear.com\/?post_type=product&#038;p=1017"},"modified":"2026-04-29T17:54:48","modified_gmt":"2026-04-29T15:54:48","slug":"haut-de-maillot-bandeau-reversible-lili-cannes","status":"publish","type":"product","link":"https:\/\/lilnaswimwear.com\/en\/boutique\/last-chance\/haut-de-maillot-bandeau-reversible-lili-cannes\/","title":{"rendered":"Bandeau r\u00e9versible rouge cerise et bordeaux mat 100% recycl\u00e9 &#8211; Lili Cannes"},"content":{"rendered":"<p>R\u00e9f\u00e9rence en mati\u00e8re de haut de bikini bandeau sans armatures, le bandeau Lili est un mod\u00e8le iconique c\u00e9l\u00e8bre pour sa coupe graphique et f\u00e9minine.\u00a0Ses lani\u00e8res peuvent \u00eatre nou\u00e9es simplement derri\u00e8re, ou devant pour un effet crois\u00e9 dans le dos.\u00a0Gr\u00e2ce \u00e0 ses fronces et ses baleines lat\u00e9rales, le bandeau s\u2019adapte et enveloppe toutes les poitrines jusqu\u2019au bonnet E, m\u00eame sans bretelles. A porter twix\u00e9 pour plus de fun !<\/p>\n","protected":false},"excerpt":{"rendered":"<h2><span style=\"font-family: Helvetica; font-size: 12pt;\">Haut de maillot de bain forme bandeau avec noeud ajustable<\/span><\/h2>\n<ul>\n<li><span style=\"font-family: Helvetica; font-size: 12pt;\">Coloris CANNES : r\u00e9versible rouge cerise mat et bordeaux<\/span><\/li>\n<li><span style=\"font-family: Helvetica; font-size: 12pt;\">Bandeau \u00e0 nouer dans le dos<\/span><\/li>\n<li><span style=\"font-family: Helvetica; font-size: 12pt;\">Mati\u00e8re au toucher soyeux, r\u00e9sistance\u00a0au chlore, aux cr\u00e8mes et huiles solaires et protection anti-UV<\/span><\/li>\n<li><span style=\"font-family: Helvetica; font-size: 12pt;\">Tissu labellis\u00e9 Oeko-Tex100, certifi\u00e9 sans produits nocifs respectueux de la peau et de l&#8217;environnement.<\/span><\/li>\n<\/ul>\n<p><span style=\"font-family: Helvetica; font-size: 12pt;\"><img decoding=\"async\" class=\"wp-image-5249 alignnone lazyload\" data-src=\"https:\/\/lilnaswimwear.com\/wp-content\/uploads\/2020\/03\/standard100.jpg\" alt=\"OEKO-TEX standard100\" width=\"140\" height=\"45\" src=\"data:image\/svg+xml;base64,PHN2ZyB3aWR0aD0iMSIgaGVpZ2h0PSIxIiB4bWxucz0iaHR0cDovL3d3dy53My5vcmcvMjAwMC9zdmciPjwvc3ZnPg==\" style=\"--smush-placeholder-width: 140px; --smush-placeholder-aspect-ratio: 140\/45;\" \/><\/span><\/p>\n<p><span style=\"font-family: Helvetica; font-size: 12pt;\">Laure mesure 168 cm avec un tour de poitrine de 82 cm et porte une taille 1.<\/span><\/p>\n<h3><span style=\"font-family: Helvetica; font-size: 12pt;\"><strong>Tra\u00e7abilit\u00e9\u00a0<\/strong><\/span><\/h3>\n<p style=\"font-weight: 400;\"><span style=\"font-family: Helvetica; font-size: 12pt;\">Les collections sont pens\u00e9es en France et confectionn\u00e9es au Maroc\u00a0avec des\u00a0conditions de production respectueuses de la s\u00e9curit\u00e9 des salari\u00e9s.\u00a0<\/span><\/p>\n<h3><span style=\"font-family: Helvetica; font-size: 12pt;\"><strong>Mati\u00e8re\u00a0R\u00e9sistante\u00a0\u00a0<\/strong><\/span><\/h3>\n<p style=\"font-weight: 400;\"><span style=\"font-family: Helvetica; font-size: 12pt;\">Notre mati\u00e8re s\u00e9lectionn\u00e9e est\u00a0fine, \u00e9l\u00e9gante, extensible, douce et respirante :\u00a0un m\u00e9lange unique pour un maximum de confort !<\/span><\/p>\n<p style=\"font-weight: 400;\"><span style=\"font-family: Helvetica; font-size: 12pt;\"><strong>\u00a0<\/strong><strong>Maillot de bain 100% recycl\u00e9<\/strong>, con\u00e7u en fil\u00a0<strong>ECONYL\u00ae provenant de filets de p\u00eache et autres\u00a0d\u00e9chets\u00a0r\u00e9cup\u00e9r\u00e9s des oc\u00e9ans.\u00a0<\/strong><\/span><\/p>\n","protected":false},"featured_media":3112,"comment_status":"closed","ping_status":"closed","template":"","meta":{"_monsterinsights_skip_tracking":false,"_monsterinsights_sitenote_active":false,"_monsterinsights_sitenote_note":"","_monsterinsights_sitenote_category":0},"product_cat":[214],"product_tag":[],"supplier_id":null,"supplier_sku":"","barcode":null,"atum_controlled":true,"out_stock_date":null,"out_stock_threshold":null,"inheritable":true,"inbound_stock":0,"stock_on_hold":6,"sold_today":0,"sales_last_days":0,"reserved_stock":0,"customer_returns":0,"warehouse_damage":0,"lost_in_post":0,"other_logs":0,"out_stock_days":0,"lost_sales":0,"has_location":false,"update_date":"2026-04-29T15:54:50","atum_locations":[],"atum_stock_status":"instock","restock_status":false,"low_stock_amount":"","sales_update_date":"2026-04-10T00:09:06","calc_backorders":null,"aioseo_notices":[],"_links":{"self":[{"href":"https:\/\/lilnaswimwear.com\/en\/wp-json\/wp\/v2\/product\/1017"}],"collection":[{"href":"https:\/\/lilnaswimwear.com\/en\/wp-json\/wp\/v2\/product"}],"about":[{"href":"https:\/\/lilnaswimwear.com\/en\/wp-json\/wp\/v2\/types\/product"}],"replies":[{"embeddable":true,"href":"https:\/\/lilnaswimwear.com\/en\/wp-json\/wp\/v2\/comments?post=1017"}],"wp:featuredmedia":[{"embeddable":true,"href":"https:\/\/lilnaswimwear.com\/en\/wp-json\/wp\/v2\/media\/3112"}],"wp:attachment":[{"href":"https:\/\/lilnaswimwear.com\/en\/wp-json\/wp\/v2\/media?parent=1017"}],"wp:term":[{"taxonomy":"product_cat","embeddable":true,"href":"https:\/\/lilnaswimwear.com\/en\/wp-json\/wp\/v2\/product_cat?post=1017"},{"taxonomy":"product_tag","embeddable":true,"href":"https:\/\/lilnaswimwear.com\/en\/wp-json\/wp\/v2\/product_tag?post=1017"}],"curies":[{"name":"wp","href":"https:\/\/api.w.org\/{rel}","templated":true}]}}