{"id":1007,"date":"2018-05-23T22:59:47","date_gmt":"2018-05-23T20:59:47","guid":{"rendered":"http:\/\/lilnaswimwear.com\/?post_type=product&#038;p=1007"},"modified":"2026-03-26T17:22:51","modified_gmt":"2026-03-26T16:22:51","slug":"haut-de-bikini-bandeau-reversible-lili-casablanca","status":"publish","type":"product","link":"https:\/\/lilnaswimwear.com\/en\/boutique\/haut-de-maillot-de-bain\/bandeau\/haut-de-bikini-bandeau-reversible-lili-casablanca\/","title":{"rendered":"Bandeau r\u00e9versible bleu maya et bleu smalt iris\u00e9 &#8211; Lili Casablanca"},"content":{"rendered":"R\u00e9f\u00e9rence en mati\u00e8re de bandeau sans armatures, le bandeau Lili est un mod\u00e8le iconique c\u00e9l\u00e8bre pour sa coupe graphique et f\u00e9minine.\u00a0Ses lani\u00e8res peuvent \u00eatre nou\u00e9es simplement derri\u00e8re, ou devant pour un effet crois\u00e9 dans le dos.\u00a0Gr\u00e2ce \u00e0 ses fronces et ses baleines lat\u00e9rales, le bandeau s\u2019adapte et enveloppe toutes les poitrines jusqu\u2019au bonnet E, m\u00eame sans bretelles. A porter twix\u00e9 pour plus de fun !","protected":false},"excerpt":{"rendered":"<h2><span style=\"font-family: Arial, Helvetica, sans-serif; font-size: 12pt;\">Haut de maillot de bain forme bandeau avec noeud ajustable<\/span><\/h2>\n<ul>\n<li><span style=\"font-family: Arial, Helvetica, sans-serif; font-size: 12pt;\">Coloris CASABLANCA : r\u00e9versible bleu maya et bleu smalt iris\u00e9<\/span><\/li>\n<li><span style=\"font-family: Arial, Helvetica, sans-serif; font-size: 12pt;\">Sans armatures ni rembourrage<\/span><\/li>\n<li><span style=\"font-family: Arial, Helvetica, sans-serif; font-size: 12pt;\">Mati\u00e8re au toucher soyeux, r\u00e9sistance\u00a0au chlore, aux cr\u00e8mes et huiles solaires et protection anti-UV<\/span><\/li>\n<li><span style=\"font-family: Arial, Helvetica, sans-serif; font-size: 12pt;\">Tissu certifi\u00e9 sans produits nocifs respectueux de la peau et de l&#8217;environnement.<\/span><\/li>\n<\/ul>\n<p><span style=\"font-family: Arial, Helvetica, sans-serif; font-size: 12pt;\">Laure mesure 168 cm avec un tour de poitrine de 82 cm et porte une taille 1<\/span><\/p>\n<p><span style=\"font-family: Arial, Helvetica, sans-serif;\">Johanna mesure 168cm avec un tour de poitrine de 86cm et porte une taille 2.\u00a0<\/span><\/p>\n<h3><span style=\"font-family: Arial, Helvetica, sans-serif; font-size: 12pt;\"><strong>Tra\u00e7abilit\u00e9\u00a0<\/strong><\/span><\/h3>\n<p style=\"font-weight: 400;\"><span style=\"font-family: Arial, Helvetica, sans-serif; font-size: 12pt;\">Les collections sont pens\u00e9es en France et confectionn\u00e9es au Maroc\u00a0avec des\u00a0conditions de production respectueuses de la s\u00e9curit\u00e9 des salari\u00e9s.\u00a0<\/span><\/p>\n<h3><span style=\"font-family: Arial, Helvetica, sans-serif; font-size: 12pt;\"><strong>Mati\u00e8re\u00a0R\u00e9sistante\u00a0\u00a0<\/strong><\/span><\/h3>\n<p style=\"font-weight: 400;\"><span style=\"font-family: Arial, Helvetica, sans-serif; font-size: 12pt;\">Notre mati\u00e8re s\u00e9lectionn\u00e9e est\u00a0fine, \u00e9l\u00e9gante, extensible, douce et respirante :\u00a0un m\u00e9lange unique pour un maximum de confort !<\/span><\/p>\n<p style=\"font-weight: 400;\"><span style=\"font-family: Arial, Helvetica, sans-serif; font-size: 12pt;\">La mati\u00e8re mate est faite de fil\u00a0<strong>ECONYL\u00ae recycl\u00e9, provenant de filets de p\u00eache et autres\u00a0d\u00e9chets\u00a0r\u00e9cup\u00e9r\u00e9s des oc\u00e9ans.\u00a0<\/strong><\/span><\/p>\n","protected":false},"featured_media":6064,"comment_status":"closed","ping_status":"closed","template":"","meta":{"_monsterinsights_skip_tracking":false,"_monsterinsights_sitenote_active":false,"_monsterinsights_sitenote_note":"","_monsterinsights_sitenote_category":0},"product_cat":[217,188,190],"product_tag":[],"supplier_id":null,"supplier_sku":"","barcode":null,"atum_controlled":true,"out_stock_date":null,"out_stock_threshold":null,"inheritable":true,"inbound_stock":0,"stock_on_hold":2,"sold_today":0,"sales_last_days":0,"reserved_stock":0,"customer_returns":0,"warehouse_damage":0,"lost_in_post":0,"other_logs":0,"out_stock_days":0,"lost_sales":0,"has_location":false,"update_date":"2026-05-13T00:01:57","atum_locations":[],"atum_stock_status":"instock","restock_status":false,"low_stock_amount":"","sales_update_date":"2026-05-13T00:01:57","calc_backorders":null,"aioseo_notices":[],"_links":{"self":[{"href":"https:\/\/lilnaswimwear.com\/en\/wp-json\/wp\/v2\/product\/1007"}],"collection":[{"href":"https:\/\/lilnaswimwear.com\/en\/wp-json\/wp\/v2\/product"}],"about":[{"href":"https:\/\/lilnaswimwear.com\/en\/wp-json\/wp\/v2\/types\/product"}],"replies":[{"embeddable":true,"href":"https:\/\/lilnaswimwear.com\/en\/wp-json\/wp\/v2\/comments?post=1007"}],"wp:featuredmedia":[{"embeddable":true,"href":"https:\/\/lilnaswimwear.com\/en\/wp-json\/wp\/v2\/media\/6064"}],"wp:attachment":[{"href":"https:\/\/lilnaswimwear.com\/en\/wp-json\/wp\/v2\/media?parent=1007"}],"wp:term":[{"taxonomy":"product_cat","embeddable":true,"href":"https:\/\/lilnaswimwear.com\/en\/wp-json\/wp\/v2\/product_cat?post=1007"},{"taxonomy":"product_tag","embeddable":true,"href":"https:\/\/lilnaswimwear.com\/en\/wp-json\/wp\/v2\/product_tag?post=1007"}],"curies":[{"name":"wp","href":"https:\/\/api.w.org\/{rel}","templated":true}]}}