{"id":515,"date":"2018-04-22T22:27:39","date_gmt":"2018-04-22T20:27:39","guid":{"rendered":"http:\/\/lilnaswimwear.com\/?page_id=515"},"modified":"2025-02-21T04:08:55","modified_gmt":"2025-02-21T03:08:55","slug":"lilna-swimwear-a-propos","status":"publish","type":"page","link":"https:\/\/lilnaswimwear.com\/en\/lilna-swimwear-a-propos\/","title":{"rendered":"La marque : histoire et valeurs"},"content":{"rendered":"<div class=\"wpb-content-wrapper\">[vc_row][vc_column][vc_empty_space][vc_column_text]\n<h1 style=\"text-align: center;\"><span style=\"font-size: 18pt; font-family: Helvetica; color: #000000;\">LILNA, MARQUE FRAN\u00c7AISE : UNE HISTOIRE DE FAMILLE<\/span><\/h1>\n[\/vc_column_text][vc_empty_space][\/vc_column][\/vc_row][vc_row][vc_column width=&#8221;1\/2&#8243;][vc_empty_space height=&#8221;150px&#8221;][vc_column_text]<span style=\"font-family: Helvetica; font-size: 12pt; color: #000000;\">LILNA, <\/span><\/p>\n<p><span style=\"font-family: Helvetica; font-size: 12pt; color: #000000;\">Combinaison de <strong>Lili et Nana<\/strong>\u00a0en r\u00e9f\u00e9rence aux surnoms de deux soeurs complices, amoureuses du soleil.\u00a0<\/span><\/p>\n<p><span style=\"font-family: Helvetica; color: #000000;\">Chez LILNA, tout fait r\u00e9f\u00e9rence au duo. Pour chaque maillot de bain : <strong>deux coloris sont combin\u00e9s recto-verso<\/strong>. Les jeunes femmes refl\u00e8tent leur amour pour l&#8217;eau \u00e0 travers des bikinis et maillots de bain une-pi\u00e8ce aux <strong>teintes poudr\u00e9es et m\u00e9tallis\u00e9es<\/strong>.<\/span><\/p>\n<p><span style=\"font-family: Helvetica; color: #000000;\">Cela donne une <strong>collection solaire<\/strong> aux lignes \u00e9pur\u00e9es et intemporelles!<\/span>[\/vc_column_text][\/vc_column][vc_column width=&#8221;1\/2&#8243;][vc_empty_space][vc_single_image image=&#8221;6309&#8243; img_size=&#8221;800&#215;600&#8243;][\/vc_column][\/vc_row][vc_row][vc_column][vc_empty_space][vc_column_text]\n<h2 style=\"text-align: center;\"><span style=\"font-size: 18pt; font-family: Helvetica; color: #000000;\">NOS VALEURS<\/span><\/h2>\n[\/vc_column_text][vc_empty_space height=&#8221;64px&#8221;][\/vc_column][\/vc_row][vc_row][vc_column width=&#8221;1\/3&#8243;][vc_column_text]\n<h3 style=\"text-align: center;\"><span style=\"font-family: Helvetica; font-size: 14pt; color: #000000;\">E N G A G E M E N T<\/span><\/h3>\n<p style=\"text-align: center;\"><span style=\"font-family: Helvetica; color: #000000;\">Nous voulons contribuer \u00e0 un monde meilleur, avec des engagements concrets. Une majeure partie de la collection est con\u00e7ue dans une <strong>mati\u00e8re de fil <a style=\"color: #000000;\" href=\"https:\/\/www.econyl.com\/the-process\/\" target=\"_blank\" rel=\"noopener\">ECONYL\u00ae<\/a> <\/strong><strong>r\u00e9g\u00e9n\u00e9r\u00e9e,<\/strong> fabriqu\u00e9e \u00e0 partir de d\u00e9chets de nylon polluant autrement la Terre, comme les filets de p\u00eache, les moquettes et le plastique industriel r\u00e9cup\u00e9r\u00e9s partout dans le monde.<\/span><\/p>\n[\/vc_column_text][\/vc_column][vc_column width=&#8221;1\/3&#8243;][vc_column_text]\n<h3 style=\"text-align: center;\"><span style=\"font-family: Helvetica; font-size: 14pt; color: #000000;\">P A S S I O N<\/span><\/h3>\n<p style=\"text-align: center;\"><span style=\"font-family: Helvetica; color: #000000;\">La passion du <strong>voyage<\/strong>, de l&#8217;eau, <strong>du littoral<\/strong> et des plaisirs qu&#8217;ils procurent anime toute femme qui porte un maillot de bain LILNA!<\/span><\/p>\n[\/vc_column_text][\/vc_column][vc_column width=&#8221;1\/3&#8243;][vc_column_text]\n<h3 style=\"text-align: center;\"><span style=\"font-family: Helvetica; font-size: 14pt; color: #000000;\">R E S P E C T<\/span><\/h3>\n<p style=\"text-align: center;\"><span style=\"font-family: Helvetica; color: #000000;\">Notre volont\u00e9 est de sublimer les femmes sans tricher. Des maillots de bain sans coutures ultra-confortables. Une mati\u00e8re certifi\u00e9e <strong><a style=\"color: #000000;\" href=\"https:\/\/www.oeko-tex.com\/en\/our-standards\/standard-100-by-oeko-tex\" target=\"_blank\" rel=\"noopener\">OEKO-TEX<\/a><\/strong>, sans produits nocifs pour la peau et l&#8217;environnement.<\/span><\/p>\n[\/vc_column_text][\/vc_column][\/vc_row][vc_row][vc_column][vc_empty_space height=&#8221;64px&#8221;][vc_btn title=&#8221;Collection maillot&#8221; style=&#8221;flat&#8221; shape=&#8221;square&#8221; color=&#8221;chino&#8221; align=&#8221;center&#8221; link=&#8221;url:https%3A%2F%2Flilnaswimwear.com%2Feshop%2F|title:Maillot%20de%20bain%20femme%20%E2%80%93%20Eshop||&#8221;][vc_empty_space height=&#8221;64px&#8221;][\/vc_column][\/vc_row][vc_row][vc_column][vc_empty_space][\/vc_column][\/vc_row][vc_row][vc_column][vc_column_text]\n<p style=\"font-weight: 400; text-align: center;\">Rejoignez cette aventure o\u00f9 le chic et la qualit\u00e9 se rencontrent, pour embrasser l&#8217;essence m\u00eame de l&#8217;\u00e9t\u00e9 \u00e0 travers les collections.<\/p>\n<p style=\"font-weight: 400; text-align: center;\">Merci de faire partie int\u00e9grante de cette histoire \u2665<\/p>\n[\/vc_column_text][\/vc_column][\/vc_row][vc_row][vc_column width=&#8221;2\/3&#8243;][vc_empty_space height=&#8221;150px&#8221;][vc_column_text]\n<p class=\"p1\" style=\"text-align: center;\"><span style=\"font-size: 14pt; font-family: Georgia, Palatino; color: #000000;\">La femme LILNA est une femme <\/span><\/p>\n<p class=\"p1\" style=\"text-align: center;\"><span style=\"font-size: 14pt; font-family: Georgia, Palatino; color: #000000;\"><strong>naturelle<\/strong>, <\/span><\/p>\n<p class=\"p1\" style=\"text-align: center;\"><span style=\"font-size: 14pt; font-family: Georgia, Palatino; color: #000000;\"><strong>libre<\/strong> et <strong>solaire<\/strong>.<\/span><\/p>\n<p class=\"p1\" style=\"text-align: center;\"><span style=\"font-family: Georgia, Palatino; font-size: 8pt; color: #000000;\"><img decoding=\"async\" class=\"alignnone wp-image-13 lazyload\" data-src=\"https:\/\/lilnaswimwear.com\/wp-content\/uploads\/2017\/12\/Plan-de-travail-8-8.png\" data-sizes=\"(max-width: 49px) 100vw, 49px\" data-srcset=\"https:\/\/lilnaswimwear.com\/wp-content\/uploads\/2017\/12\/Plan-de-travail-8-8.png 101w, https:\/\/lilnaswimwear.com\/wp-content\/uploads\/2017\/12\/Plan-de-travail-8-8-100x100.png 100w\" alt=\"\" width=\"40\" height=\"40\" src=\"data:image\/svg+xml;base64,PHN2ZyB3aWR0aD0iMSIgaGVpZ2h0PSIxIiB4bWxucz0iaHR0cDovL3d3dy53My5vcmcvMjAwMC9zdmciPjwvc3ZnPg==\" style=\"--smush-placeholder-width: 40px; --smush-placeholder-aspect-ratio: 40\/40;\" \/><\/span><\/p>\n<p class=\"p3\" style=\"text-align: center;\"><span style=\"font-family: Georgia, Palatino; font-size: 14pt; color: #000000;\">Des maillots de bain \u00e0 l&#8217;\u00e9l\u00e9gance discr\u00e8te, <\/span><\/p>\n<p class=\"p3\" style=\"text-align: center;\"><span style=\"font-family: Georgia, Palatino; font-size: 14pt; color: #000000;\">inspir\u00e9s des couleurs romantiques et puissantes d&#8217;\u00e9t\u00e9s en bord de mer.<\/span><\/p>\n[\/vc_column_text][\/vc_column][vc_column width=&#8221;1\/3&#8243;][vc_empty_space height=&#8221;64px&#8221;][vc_single_image image=&#8221;6267&#8243; img_size=&#8221;large&#8221; alignment=&#8221;center&#8221; onclick=&#8221;custom_link&#8221; img_link_target=&#8221;_blank&#8221; link=&#8221;https:\/\/lilnaswimwear.com\/boutique\/maillot-de-bain-deux-pieces\/bas-de-bikini\/bas-de-bikini-a-noeuds-lili-casablanca\/&#8221;][vc_empty_space height=&#8221;64px&#8221;][\/vc_column][\/vc_row][vc_row][vc_column][vc_btn title=&#8221;Je plonge&#8221; style=&#8221;flat&#8221; shape=&#8221;square&#8221; color=&#8221;chino&#8221; align=&#8221;center&#8221; link=&#8221;url:https%3A%2F%2Flilnaswimwear.com%2Feshop%2F|title:Maillot%20de%20bain%20femme%20%E2%80%93%20Eshop||&#8221;][\/vc_column][\/vc_row]\n<\/div>","protected":false},"excerpt":{"rendered":"<p>[vc_row][vc_column][vc_empty_space][vc_column_text] LILNA, MARQUE FRAN\u00c7AISE : UNE HISTOIRE DE FAMILLE [\/vc_column_text][vc_empty_space][\/vc_column][\/vc_row][vc_row][vc_column width=&#8221;1\/2&#8243;][vc_empty_space height=&#8221;150px&#8221;][vc_column_text]LILNA, Combinaison de Lili et Nana\u00a0en r\u00e9f\u00e9rence aux surnoms de deux soeurs complices, amoureuses&hellip;<\/p>\n","protected":false},"author":1,"featured_media":0,"parent":0,"menu_order":0,"comment_status":"closed","ping_status":"closed","template":"","meta":{"_monsterinsights_skip_tracking":false,"_monsterinsights_sitenote_active":false,"_monsterinsights_sitenote_note":"","_monsterinsights_sitenote_category":0,"footnotes":""},"aioseo_notices":[],"_links":{"self":[{"href":"https:\/\/lilnaswimwear.com\/en\/wp-json\/wp\/v2\/pages\/515"}],"collection":[{"href":"https:\/\/lilnaswimwear.com\/en\/wp-json\/wp\/v2\/pages"}],"about":[{"href":"https:\/\/lilnaswimwear.com\/en\/wp-json\/wp\/v2\/types\/page"}],"author":[{"embeddable":true,"href":"https:\/\/lilnaswimwear.com\/en\/wp-json\/wp\/v2\/users\/1"}],"replies":[{"embeddable":true,"href":"https:\/\/lilnaswimwear.com\/en\/wp-json\/wp\/v2\/comments?post=515"}],"version-history":[{"count":195,"href":"https:\/\/lilnaswimwear.com\/en\/wp-json\/wp\/v2\/pages\/515\/revisions"}],"predecessor-version":[{"id":6402,"href":"https:\/\/lilnaswimwear.com\/en\/wp-json\/wp\/v2\/pages\/515\/revisions\/6402"}],"wp:attachment":[{"href":"https:\/\/lilnaswimwear.com\/en\/wp-json\/wp\/v2\/media?parent=515"}],"curies":[{"name":"wp","href":"https:\/\/api.w.org\/{rel}","templated":true}]}}