{"id":3700,"date":"2020-03-24T13:16:21","date_gmt":"2020-03-24T12:16:21","guid":{"rendered":"https:\/\/lilnaswimwear.com\/?page_id=3700"},"modified":"2025-05-29T05:05:33","modified_gmt":"2025-05-29T03:05:33","slug":"comment-choisir-son-maillot","status":"publish","type":"page","link":"https:\/\/lilnaswimwear.com\/en\/comment-choisir-son-maillot\/","title":{"rendered":"COMMENT CHOISIR MON MAILLOT ?"},"content":{"rendered":"<div class=\"wpb-content-wrapper\">[vc_row css=&#8221;.vc_custom_1585052426035{background-image: url(https:\/\/lilnaswimwear.com\/wp-content\/uploads\/2020\/03\/LILI-COCO-MARRAKECH.jpg?id=3705) !important;background-position: center !important;background-repeat: no-repeat !important;background-size: cover !important;border-radius: 15px !important;}&#8221;][vc_column][vc_empty_space height=&#8221;128px&#8221;][vc_column_text]\n<h1 style=\"text-align: left;\"><span style=\"font-size: 18pt; color: #ffffff;\"><strong><span style=\"font-family: seravek;\">Comment choisir \u00a0VOTRE \u00a0maillot de bain? <\/span><\/strong><\/span><\/h1>\n<h2 style=\"text-align: left;\"><span style=\"font-family: seravek; font-size: 14pt; color: #ffffff;\">\u00a0<em>Parce que vous \u00eates toutes unique, adaptez votre mod\u00e8le \u00e0 votre morphologie<\/em><\/span><\/h2>\n[\/vc_column_text][vc_empty_space][vc_empty_space][\/vc_column][\/vc_row][vc_row][vc_column][vc_empty_space][vc_column_text]\n<h1><span style=\"font-family: seravek; font-size: 18pt;\"><strong>GUIDE DES TAILLES<\/strong> : <\/span><span style=\"font-family: seravek; font-size: 18pt;\">Comment choisir mon maillot de bain LILNA\u00a0<\/span><\/h1>\n[\/vc_column_text][vc_empty_space][\/vc_column][\/vc_row][vc_row][vc_column width=&#8221;1\/2&#8243;][vc_single_image image=&#8221;5555&#8243; img_size=&#8221;large&#8221; alignment=&#8221;center&#8221; onclick=&#8221;custom_link&#8221; img_link_target=&#8221;_blank&#8221; link=&#8221;https:\/\/lilnaswimwear.com\/categorie-produit\/bikini-reversible\/&#8221;][\/vc_column][vc_column width=&#8221;1\/2&#8243;][vc_column_text css=&#8221;&#8221;]\n<h2 style=\"font-weight: 400;\"><span style=\"font-family: Arial, Helvetica, sans-serif; font-size: 14pt;\">BANDEAU LILI<\/span><\/h2>\n<p style=\"font-weight: 400;\"><span style=\"font-family: Arial, Helvetica, sans-serif;\">R\u00e9f\u00e9rence en mati\u00e8re de bandeau sans armatures, le bandeau Lili est un mod\u00e8le iconique c\u00e9l\u00e8bre pour sa coupe graphique et f\u00e9minine. Ses longues lani\u00e8res peuvent \u00eatre nou\u00e9es simplement derri\u00e8re, ou devant pour un effet crois\u00e9 dans le dos. Gr\u00e2ce \u00e0 ses fronces et ses baleines lat\u00e9rales, le bandeau s\u2019adapte et enveloppe toutes les poitrines jusqu\u2019au bonnet E, m\u00eame sans bretelles. A porter twix\u00e9 pour plus de fun !\u00a0<\/span><\/p>\n<h2 style=\"font-weight: 400;\"><span style=\"font-family: Arial, Helvetica, sans-serif; font-size: 14pt;\">TRIANGLE NANA<\/span><\/h2>\n<p style=\"font-weight: 400;\"><span style=\"font-family: Arial, Helvetica, sans-serif;\">Un triangle au dos danseuse singulier et d\u00e9collet\u00e9 \u00e9chancr\u00e9 pour d\u00e9voiler vos plus beaux atouts. Il s\u2019enfile comme un gilet, se noue devant pour mettre en valeur les petites poitrines et apporter un maintien optimal jusqu\u2019au bonnet D, m\u00eame sans armatures!<\/span><\/p>\n<h2 style=\"font-weight: 400;\"><span style=\"font-family: Arial, Helvetica, sans-serif; font-size: 14pt;\">TOP BRASSI\u00c8RE JUJU<\/span><\/h2>\n<p style=\"font-weight: 400;\"><span style=\"font-family: Arial, Helvetica, sans-serif;\">Une forme brassi\u00e8re sans armatures, au look sport f\u00e9minin avec son n\u0153ud \u00e0 ajuster dans le dos. Gr\u00e2ce \u00e0 ses bretelles, la brassi\u00e8re Juju apporte un soutien optimal aux poitrines voluptueuses, et convient bien s\u00fbr aux plus petites.\u00a0<\/span><\/p>\n<p style=\"text-align: left;\"><span style=\"font-size: 24pt;\">\u2022\u2022<\/span><\/p>\n[\/vc_column_text][\/vc_column][\/vc_row][vc_row][vc_column width=&#8221;1\/2&#8243;][vc_single_image image=&#8221;5556&#8243; img_size=&#8221;large&#8221; alignment=&#8221;center&#8221; onclick=&#8221;custom_link&#8221; img_link_target=&#8221;_blank&#8221; link=&#8221;https:\/\/lilnaswimwear.com\/categorie-produit\/bikini-reversible\/&#8221;][\/vc_column][vc_column width=&#8221;1\/2&#8243;][vc_empty_space height=&#8221;30px&#8221;][vc_column_text]\n<h2><span style=\"font-family: Arial, Helvetica, sans-serif; font-size: 14pt;\">BAS LILI<\/span><\/h2>\n<p><span style=\"font-family: Arial, Helvetica, sans-serif; font-size: 12pt;\">Ce bas de bikini classique et confortable comprend des liens sur les c\u00f4t\u00e9s permettant de l&#8217;ajuster \u00e0 son tour de hanche.\u00a0<\/span><\/p>\n<h2><span style=\"font-family: Arial, Helvetica, sans-serif; font-size: 14pt;\">BAS NANA<\/span><\/h2>\n<p><span style=\"font-family: Arial, Helvetica, sans-serif; font-size: 12pt;\">Une forme parfaite : couvrante et \u00e9chancr\u00e9e avec une fronce sur l\u2019arri\u00e8re pour une silhouette \u00e9lanc\u00e9e.<\/span><\/p>\n<h2><span style=\"font-family: Arial, Helvetica, sans-serif; font-size: 14pt;\">CULOTTE HAUTE COCO<\/span><\/h2>\n<p><span style=\"font-family: Arial, Helvetica, sans-serif; font-size: 12pt;\">La culotte taille haute Coco ultra enveloppante cr\u00e9e un look r\u00e9tro et graphique.\u00a0Enveloppante, cette forme apporte un confort ultime et peut \u00e9galement \u00eatre retourn\u00e9 \u00e0 la taille pour celles qui voudraient bronzer du ventre, et ainsi laisser apparaitre la couleur verso du maillot de bain\u00a0!<\/span><\/p>\n<p><span style=\"font-size: 24pt;\">\u2022\u2022<\/span>[\/vc_column_text][\/vc_column][\/vc_row][vc_row][vc_column width=&#8221;1\/2&#8243;][vc_single_image image=&#8221;5558&#8243; img_size=&#8221;large&#8221; onclick=&#8221;custom_link&#8221; img_link_target=&#8221;_blank&#8221; link=&#8221;https:\/\/lilnaswimwear.com\/categorie-produit\/maillot-de-bain-une-piece\/&#8221;][\/vc_column][vc_column width=&#8221;1\/2&#8243;][vc_empty_space height=&#8221;30px&#8221;][vc_column_text]\n<h2 style=\"font-weight: 400;\"><span style=\"font-family: Arial, Helvetica, sans-serif; font-size: 14pt;\">UNE-PI\u00c8CE DOS NU COCO<\/span><\/h2>\n<p style=\"font-weight: 400;\"><span style=\"font-family: Arial, Helvetica, sans-serif;\">L\u2019iconique maillot une-pi\u00e8ce Coco allie parfaitement confort et style. Les deux drap\u00e9s couvrent la poitrine, se nouer dans le cou pour d\u00e9voiler un dos nu plongeant. La culotte haute enveloppante et couvrante juste ce qu\u2019il faut apporte un confort maximum.<\/span><\/p>\n<h2 style=\"font-weight: 400;\"><span style=\"font-family: Arial, Helvetica, sans-serif; font-size: 14pt;\">UNE-PI\u00c8CE BUSTIER IN\u00c8S<\/span><\/h2>\n<p style=\"font-weight: 400;\"><span style=\"font-family: Arial, Helvetica, sans-serif;\">Une forme intemporelle bustier aux bonnets fron\u00e7\u00e9s, l\u00e9g\u00e8rement cintr\u00e9e \u00e0 la taille pour mettre en valeur toutes les morphologies.\u00a0<\/span><\/p>\n[\/vc_column_text][\/vc_column][\/vc_row][vc_row][vc_column][vc_btn title=&#8221;COLLECTION BAIN&#8221; style=&#8221;flat&#8221; shape=&#8221;square&#8221; color=&#8221;chino&#8221; align=&#8221;center&#8221; link=&#8221;url:https%3A%2F%2Flilnaswimwear.com%2Feshop%2F|||&#8221;][vc_empty_space][\/vc_column][\/vc_row][vc_row][vc_column][vc_column_text]\n<p style=\"text-align: center;\"><span style=\"font-size: 14pt; font-family: Arial, Helvetica, sans-serif;\">Vous avez besoin de <strong>conseils personnalis\u00e9s,<\/strong><\/span><\/p>\n<p style=\"text-align: center;\"><span style=\"font-size: 14pt; font-family: Arial, Helvetica, sans-serif;\"><a href=\"https:\/\/lilnaswimwear.com\/contact\/\">\u00e9crivez-nous<\/a> !<\/span><\/p>\n[\/vc_column_text][\/vc_column][\/vc_row]\n<\/div>","protected":false},"excerpt":{"rendered":"<p>[vc_row css=&#8221;.vc_custom_1585052426035{background-image: url(https:\/\/lilnaswimwear.com\/wp-content\/uploads\/2020\/03\/LILI-COCO-MARRAKECH.jpg?id=3705) !important;background-position: center !important;background-repeat: no-repeat !important;background-size: cover !important;border-radius: 15px !important;}&#8221;][vc_column][vc_empty_space height=&#8221;128px&#8221;][vc_column_text] Comment choisir \u00a0VOTRE \u00a0maillot de bain? \u00a0Parce que vous \u00eates toutes unique,&hellip;<\/p>\n","protected":false},"author":1,"featured_media":0,"parent":0,"menu_order":0,"comment_status":"closed","ping_status":"closed","template":"","meta":{"_monsterinsights_skip_tracking":false,"_monsterinsights_sitenote_active":false,"_monsterinsights_sitenote_note":"","_monsterinsights_sitenote_category":0,"footnotes":""},"aioseo_notices":[],"_links":{"self":[{"href":"https:\/\/lilnaswimwear.com\/en\/wp-json\/wp\/v2\/pages\/3700"}],"collection":[{"href":"https:\/\/lilnaswimwear.com\/en\/wp-json\/wp\/v2\/pages"}],"about":[{"href":"https:\/\/lilnaswimwear.com\/en\/wp-json\/wp\/v2\/types\/page"}],"author":[{"embeddable":true,"href":"https:\/\/lilnaswimwear.com\/en\/wp-json\/wp\/v2\/users\/1"}],"replies":[{"embeddable":true,"href":"https:\/\/lilnaswimwear.com\/en\/wp-json\/wp\/v2\/comments?post=3700"}],"version-history":[{"count":29,"href":"https:\/\/lilnaswimwear.com\/en\/wp-json\/wp\/v2\/pages\/3700\/revisions"}],"predecessor-version":[{"id":6428,"href":"https:\/\/lilnaswimwear.com\/en\/wp-json\/wp\/v2\/pages\/3700\/revisions\/6428"}],"wp:attachment":[{"href":"https:\/\/lilnaswimwear.com\/en\/wp-json\/wp\/v2\/media?parent=3700"}],"curies":[{"name":"wp","href":"https:\/\/api.w.org\/{rel}","templated":true}]}}