{"id":33,"date":"2017-12-11T15:00:11","date_gmt":"2017-12-11T14:00:11","guid":{"rendered":"http:\/\/lilnaswimwear.com\/?page_id=33"},"modified":"2025-05-29T09:52:08","modified_gmt":"2025-05-29T07:52:08","slug":"faq","status":"publish","type":"page","link":"https:\/\/lilnaswimwear.com\/en\/faq\/","title":{"rendered":"FAQ"},"content":{"rendered":"<div class=\"wpb-content-wrapper\">[vc_row thb_full_width=&#8221;true&#8221; thb_row_padding=&#8221;true&#8221;][vc_column]<div class=\"caption-style1  aligncenter full thb_image_link wp-caption\"><img decoding=\"async\" class=\"thb_image lazyload\" data-src=\"https:\/\/lilnaswimwear.com\/wp-content\/uploads\/2022\/03\/NANACOCO-CALVI--scaled-1500x400.jpg\" width=\"1500\" height=\"400\" alt=\"sales Lilna swimwear\" title=\"sales Lilna swimwear\" src=\"data:image\/svg+xml;base64,PHN2ZyB3aWR0aD0iMSIgaGVpZ2h0PSIxIiB4bWxucz0iaHR0cDovL3d3dy53My5vcmcvMjAwMC9zdmciPjwvc3ZnPg==\" style=\"--smush-placeholder-width: 1500px; --smush-placeholder-aspect-ratio: 1500\/400;\" \/><\/div>[\/vc_column][\/vc_row][vc_row css=&#8221;.vc_custom_1527075189521{margin-top: 100px !important;background-position: center !important;background-repeat: no-repeat !important;background-size: cover !important;}&#8221;][vc_column][vc_column_text]\n<h2 style=\"text-align: left;\">Foire aux questions<\/h2>\n[\/vc_column_text][vc_separator][vc_tta_accordion active_section=&#8221;1&#8243; css=&#8221;.vc_custom_1527074812737{margin-top: 100px !important;}&#8221;][vc_tta_section title=&#8221;Notre politique de retour&#8221; tab_id=&#8221;1527072964927-0b9ac7d0-e6f6&#8243;][vc_column_text]Nous acceptons les retours pour \u00e9change ou remboursement, sous un d\u00e9lai de 15 jours \u00e0 compter de la r\u00e9ception de la commande.<br \/>\nNous demandons simplement que les <strong>conditions suivantes soient respect\u00e9es<\/strong> :<\/p>\n<ul>\n<li>Les articles doivent \u00eatre <strong>dans leur emballage d&#8217;origine, avec les \u00e9tiquettes<\/strong><\/li>\n<li>Les articles <strong>ne doivent pas avoir \u00e9t\u00e9 port\u00e9s, lav\u00e9s ou alt\u00e9r\u00e9s de toute autre mani\u00e8re<\/strong><\/li>\n<\/ul>\n<p>Nous nous r\u00e9servons le droit de refuser les retours ne respectant pas ces conditions.<\/p>\n<p>Les remboursements seront effectu\u00e9s sur la marchandise, excluant les frais de port initiaux.[\/vc_column_text][\/vc_tta_section][vc_tta_section title=&#8221;Co\u00fbt d&#8217;un retour&#8221; tab_id=&#8221;1527072964936-76a6dca3-c822&#8243;][vc_column_text]Les frais de port engag\u00e9s pour le retour sont \u00e0 votre charge, nous ne les couvrons pas et ne les remboursons pas.[\/vc_column_text][\/vc_tta_section][vc_tta_section title=&#8221;A quelle adresse dois-je envoyer mon colis ?&#8221; tab_id=&#8221;1527073131626-3912e29f-7355&#8243;][vc_column_text]Nous contacter par email \u00e0 l\u2019adresse <span \n                data-original-string='wvWuBnNjIjTNvR5wZirqCw==d4bHX\/UQ9CKzc6hg3CmZmxuI9PnWcFWnmlLp+Ip8\/CHv\/Y='\n                class='apbct-email-encoder'\n                title='This contact has been encoded by Anti-Spam by CleanTalk. Click to decode. To finish the decoding make sure that JavaScript is enabled in your browser.'>co<span class=\"apbct-blur\">*****<\/span>@<span class=\"apbct-blur\">***********<\/span>ar.com<\/span>, l&#8217;adresse vous sera communiqu\u00e9e.[\/vc_column_text][\/vc_tta_section][vc_tta_section title=&#8221;Quel mode de livraison choisir ?&#8221; tab_id=&#8221;1527073224787-baefa28b-0f1b&#8221;][vc_column_text]<span style=\"font-weight: 400;\">Nous vous laissons le soin de choisir votre transporteur par vous m\u00eame. Veillez \u00e0 ce que le colis parvienne directement \u00e0 nos locaux et non en Point Relais, auquel cas votre retour ne pourra malheureusement pas \u00eatre trait\u00e9.<\/span><\/p>\n<p><span style=\"font-weight: 400;\">Nous vous conseillons de conserver une preuve de d\u00e9p\u00f4t de colis fournis par votre transporteur. En cas d\u2019absence de celle-ci aucun remboursement ne pourra \u00eatre effectu\u00e9 s&#8217;il y a une perte\u00a0de colis.<\/span>[\/vc_column_text][\/vc_tta_section][vc_tta_section title=&#8221;En combien de temps vais-je \u00eatre rembours\u00e9 ?&#8221; tab_id=&#8221;1527073362493-a3e2b67f-be8f&#8221;][vc_column_text]<span style=\"font-weight: 400;\">\u00c0 r\u00e9ception de la marchandise dans nos locaux\u00a0et apr\u00e8s confirmation de l&#8217;\u00e9tat du (ou des) produit(s), nous proc\u00e9derons au remboursement de la somme factur\u00e9e sur le compte utilis\u00e9 pour r\u00e9gler la commande sous un d\u00e9lai de 15 jours.<\/span>[\/vc_column_text][\/vc_tta_section][vc_tta_section title=&#8221;Comment faire si l&#8217;article re\u00e7u pr\u00e9sente un d\u00e9faut ?&#8221; tab_id=&#8221;1527073429658-e5dcbe24-ab17&#8243;][vc_column_text]<span style=\"font-weight: 400;\">Nous esp\u00e9rons que cela n&#8217;arrive jamais et travaillons pour cela, mais si toutefois vous recevez un maillot de bain pr\u00e9sentant un d\u00e9faut de fabrication ou endommag\u00e9, nous prendrons enti\u00e8rement les frais de retour de celui-ci \u00e0 notre charge.<\/span>[\/vc_column_text][\/vc_tta_section][\/vc_tta_accordion][\/vc_column][\/vc_row][vc_row][vc_column][vc_single_image image=&#8221;4841&#8243; img_size=&#8221;large&#8221; alignment=&#8221;center&#8221;][\/vc_column][\/vc_row]\n<\/div>","protected":false},"excerpt":{"rendered":"<p>[vc_row thb_full_width=&#8221;true&#8221; thb_row_padding=&#8221;true&#8221;][vc_column][\/vc_column][\/vc_row][vc_row css=&#8221;.vc_custom_1527075189521{margin-top: 100px !important;background-position: center !important;background-repeat: no-repeat !important;background-size: cover !important;}&#8221;][vc_column][vc_column_text] Foire aux questions [\/vc_column_text][vc_separator][vc_tta_accordion active_section=&#8221;1&#8243; css=&#8221;.vc_custom_1527074812737{margin-top: 100px !important;}&#8221;][vc_tta_section title=&#8221;Notre politique de retour&#8221; tab_id=&#8221;1527072964927-0b9ac7d0-e6f6&#8243;][vc_column_text]Nous&hellip;<\/p>\n","protected":false},"author":1,"featured_media":0,"parent":0,"menu_order":0,"comment_status":"closed","ping_status":"closed","template":"","meta":{"_monsterinsights_skip_tracking":false,"_monsterinsights_sitenote_active":false,"_monsterinsights_sitenote_note":"","_monsterinsights_sitenote_category":0,"footnotes":""},"aioseo_notices":[],"_links":{"self":[{"href":"https:\/\/lilnaswimwear.com\/en\/wp-json\/wp\/v2\/pages\/33"}],"collection":[{"href":"https:\/\/lilnaswimwear.com\/en\/wp-json\/wp\/v2\/pages"}],"about":[{"href":"https:\/\/lilnaswimwear.com\/en\/wp-json\/wp\/v2\/types\/page"}],"author":[{"embeddable":true,"href":"https:\/\/lilnaswimwear.com\/en\/wp-json\/wp\/v2\/users\/1"}],"replies":[{"embeddable":true,"href":"https:\/\/lilnaswimwear.com\/en\/wp-json\/wp\/v2\/comments?post=33"}],"version-history":[{"count":60,"href":"https:\/\/lilnaswimwear.com\/en\/wp-json\/wp\/v2\/pages\/33\/revisions"}],"predecessor-version":[{"id":6432,"href":"https:\/\/lilnaswimwear.com\/en\/wp-json\/wp\/v2\/pages\/33\/revisions\/6432"}],"wp:attachment":[{"href":"https:\/\/lilnaswimwear.com\/en\/wp-json\/wp\/v2\/media?parent=33"}],"curies":[{"name":"wp","href":"https:\/\/api.w.org\/{rel}","templated":true}]}}