{"id":2404,"date":"2019-11-25T18:45:19","date_gmt":"2019-11-25T17:45:19","guid":{"rendered":"https:\/\/lilnaswimwear.com\/?page_id=2404"},"modified":"2020-07-17T13:23:25","modified_gmt":"2020-07-17T11:23:25","slug":"paiement","status":"publish","type":"page","link":"https:\/\/lilnaswimwear.com\/en\/paiement\/","title":{"rendered":"PAIEMENT"},"content":{"rendered":"<div class=\"wpb-content-wrapper\">[vc_row][vc_column][vc_empty_space][vc_empty_space][vc_empty_space][vc_empty_space][vc_empty_space][vc_column_text]<span style=\"font-family: seravek;\">M O Y E N S \u00a0 D E \u00a0 P A I E M \u00a0E N T <\/span><\/p>\n<p><span style=\"font-family: seravek;\">Le paiement de votre commande sur notre site peut \u00eatre effectu\u00e9 p<\/span><span style=\"font-family: seravek;\">ar carte bancaire (Visa, Mastercard et American express);<\/span><\/p>\n<p><span style=\"font-family: seravek;\">Nous vous proposons d\u2019enregistrer vos informations de paiement lors du passage de votre commande. Cela vous facilitera le passage de vos futures commandes.<\/span><\/p>\n<p><span style=\"font-family: seravek;\">Pour modifier ces informations, rendez-vous dans votre espace \u201c<a href=\"https:\/\/lilnaswimwear.com\/mon_compte\/\"><strong>Mon compte \/ Moyens de paiement<\/strong><\/a>\u201d.<\/span><br \/>\n<span style=\"font-family: seravek;\">Notre site ne permet pas les paiements en plusieurs fois.<\/span><\/p>\n<p>&nbsp;<\/p>\n<p><span style=\"font-family: seravek;\">P A I E M E N T \u00a0S \u00c9<\/span><span style=\"font-family: seravek;\">\u00a0C U R I S\u00a0\u00c9<\/span><\/p>\n<p><span style=\"font-family: seravek;\">Votre paiement est totalement s\u00e9curis\u00e9.<\/span><\/p>\n<p><span style=\"font-family: seravek;\">Vos informations bancaires ne sont jamais en notre possession. Les transactions sont enti\u00e8rement trait\u00e9es par le module de paiement s\u00e9curis\u00e9 de notre partenaire STRIPE.\u00a0Le paiement est s\u00e9curis\u00e9 avec le protocole SSL (Secure Socket Layer) transmis directement aux serveurs de la banque, l&#8217;affichage d&#8217;un pictogramme repr\u00e9sentant un cadenas en bas de votre navigateur vous indique que vous pouvez saisir votre num\u00e9ro de carte bancaire en toute s\u00e9curit\u00e9.<\/span><\/p>\n<p>&nbsp;<\/p>\n<p><span style=\"font-family: seravek;\">M O N \u00a0P A I E M E N T \u00a0A \u00a0\u00c9 T \u00c9\u00a0 \u00a0R E F U S\u00a0\u00c9<\/span><\/p>\n<p><span style=\"font-family: seravek;\">Si votre paiement n\u2019a pu aboutir, n\u2019h\u00e9sitez pas \u00e0 repasser votre commande avec un autre moyen de paiement.<\/span><\/p>\n<p><span style=\"font-family: seravek;\">Si malgr\u00e9 cela, vous ne parvenez pas \u00e0 r\u00e9gler votre commande, n\u2019h\u00e9sitez pas \u00e0 contacter notre Service Client \u00e0 l\u2019adresse\u00a0<a href=\"mailto:co*****@***********ar.com\" data-original-string=\"Kec+CHwl1R9+cNXiPqYGcQ==d4bonsDZ9N8ycrN6I5X0hS8KthEkXRBpfEJzCl7t+sQnWg=\" title=\"This contact has been encoded by Anti-Spam by CleanTalk. Click to decode. To finish the decoding make sure that JavaScript is enabled in your browser.\"><strong><span \n                data-original-string='E\/iLeJjdMSkoYSrOdBDgxQ==d4bviwJzWxIAKOj4j\/SEb+feZCU2uqsQvqrapQrKB0IUlk='\n                class='apbct-email-encoder'\n                title='This contact has been encoded by Anti-Spam by CleanTalk. Click to decode. To finish the decoding make sure that JavaScript is enabled in your browser.'>co<span class=\"apbct-blur\">*****<\/span>@<span class=\"apbct-blur\">***********<\/span>ar.com<\/span><\/strong><\/a>. Notre \u00e9quipe sera ravie de pouvoir vous aider.<\/span>[\/vc_column_text][\/vc_column][\/vc_row][vc_row][vc_column][vc_empty_space][vc_empty_space][\/vc_column][\/vc_row][vc_row][vc_column][\/vc_column][\/vc_row]\n<\/div>","protected":false},"excerpt":{"rendered":"<p>[vc_row][vc_column][vc_empty_space][vc_empty_space][vc_empty_space][vc_empty_space][vc_empty_space][vc_column_text]M O Y E N S \u00a0 D E \u00a0 P A I E M \u00a0E N T Le paiement de votre commande sur notre&hellip;<\/p>\n","protected":false},"author":1,"featured_media":0,"parent":0,"menu_order":0,"comment_status":"closed","ping_status":"closed","template":"","meta":{"_monsterinsights_skip_tracking":false,"_monsterinsights_sitenote_active":false,"_monsterinsights_sitenote_note":"","_monsterinsights_sitenote_category":0,"footnotes":""},"aioseo_notices":[],"_links":{"self":[{"href":"https:\/\/lilnaswimwear.com\/en\/wp-json\/wp\/v2\/pages\/2404"}],"collection":[{"href":"https:\/\/lilnaswimwear.com\/en\/wp-json\/wp\/v2\/pages"}],"about":[{"href":"https:\/\/lilnaswimwear.com\/en\/wp-json\/wp\/v2\/types\/page"}],"author":[{"embeddable":true,"href":"https:\/\/lilnaswimwear.com\/en\/wp-json\/wp\/v2\/users\/1"}],"replies":[{"embeddable":true,"href":"https:\/\/lilnaswimwear.com\/en\/wp-json\/wp\/v2\/comments?post=2404"}],"version-history":[{"count":9,"href":"https:\/\/lilnaswimwear.com\/en\/wp-json\/wp\/v2\/pages\/2404\/revisions"}],"predecessor-version":[{"id":4629,"href":"https:\/\/lilnaswimwear.com\/en\/wp-json\/wp\/v2\/pages\/2404\/revisions\/4629"}],"wp:attachment":[{"href":"https:\/\/lilnaswimwear.com\/en\/wp-json\/wp\/v2\/media?parent=2404"}],"curies":[{"name":"wp","href":"https:\/\/api.w.org\/{rel}","templated":true}]}}