{"id":235,"date":"2017-08-24T18:55:53","date_gmt":"2017-08-24T18:55:53","guid":{"rendered":"http:\/\/newnorth.fuelthemes.net\/?page_id=235"},"modified":"2022-11-22T15:08:37","modified_gmt":"2022-11-22T14:08:37","slug":"contact","status":"publish","type":"page","link":"https:\/\/lilnaswimwear.com\/en\/contact\/","title":{"rendered":"Contact"},"content":{"rendered":"<div class=\"wpb-content-wrapper\">[vc_row thb_full_width=&#8221;true&#8221; thb_row_padding=&#8221;true&#8221; content_placement=&#8221;middle&#8221;][vc_column width=&#8221;1\/2&#8243; el_class=&#8221;align-center&#8221;][vc_single_image image=&#8221;5794&#8243; img_size=&#8221;large&#8221; alignment=&#8221;center&#8221; onclick=&#8221;custom_link&#8221; link=&#8221;https:\/\/lilnaswimwear.com\/eshop\/&#8221;][\/vc_column][vc_column width=&#8221;1\/2&#8243; css=&#8221;.vc_custom_1503601094950{padding-right: 15% !important;padding-left: 15% !important;}&#8221;][vc_empty_space height=&#8221;40px&#8221;][vc_column_text]\n<h1 style=\"text-align: left;\"><span style=\"font-family: seravek; font-size: 18pt;\">CONTACTEZ LA LILNA TEAM\u00a0<\/span><\/h1>\n[\/vc_column_text][vc_empty_space height=&#8221;40px&#8221;][vc_column_text]\n<p style=\"text-align: left;\"><span style=\"font-family: seravek;\">Nous faisons notre maximum pour traiter les demandes de contact re\u00e7ues par email dans un d\u00e9lai de 2 jours ouvr\u00e9s. \u00c0 tr\u00e8s vite \u2665<\/span><\/p>\n[\/vc_column_text][vc_empty_space height=&#8221;20px&#8221;]<div role=\"form\" class=\"wpcf7\" id=\"wpcf7-f226-o1\" lang=\"en-US\" dir=\"ltr\">\n<div class=\"screen-reader-response\"><p role=\"status\" aria-live=\"polite\" aria-atomic=\"true\"><\/p> <ul><\/ul><\/div>\n<form action=\"\/en\/wp-json\/wp\/v2\/pages\/235#wpcf7-f226-o1\" method=\"post\" class=\"wpcf7-form init\" novalidate=\"novalidate\" data-status=\"init\">\n<div style=\"display: none;\">\n<input type=\"hidden\" name=\"_wpcf7\" value=\"226\" \/>\n<input type=\"hidden\" name=\"_wpcf7_version\" value=\"5.4.1\" \/>\n<input type=\"hidden\" name=\"_wpcf7_locale\" value=\"en_US\" \/>\n<input type=\"hidden\" name=\"_wpcf7_unit_tag\" value=\"wpcf7-f226-o1\" \/>\n<input type=\"hidden\" name=\"_wpcf7_container_post\" value=\"0\" \/>\n<input type=\"hidden\" name=\"_wpcf7_posted_data_hash\" value=\"\" \/>\n<\/div>\n<div class=\"row\">\n<div class=\"small-12 medium-6 columns\">\n<label>Votre Nom<\/label><br \/>\n<span class=\"wpcf7-form-control-wrap your-name\"><input type=\"text\" name=\"your-name\" value=\"\" size=\"40\" class=\"wpcf7-form-control wpcf7-text wpcf7-validates-as-required full\" aria-required=\"true\" aria-invalid=\"false\" \/><\/span>\n<\/div>\n<div class=\"small-12 medium-6 columns\">\n<label>Votre Mail<\/label><br \/>\n<span class=\"wpcf7-form-control-wrap your-email\"><input type=\"email\" name=\"your-email\" value=\"\" size=\"40\" class=\"wpcf7-form-control wpcf7-text wpcf7-email wpcf7-validates-as-required wpcf7-validates-as-email full\" aria-required=\"true\" aria-invalid=\"false\" \/><\/span>\n<\/div>\n<div class=\"small-12 columns\">\n<label>Votre Message<\/label><br \/>\n<span class=\"wpcf7-form-control-wrap your-message\"><textarea name=\"your-message\" cols=\"40\" rows=\"10\" class=\"wpcf7-form-control wpcf7-textarea full\" aria-invalid=\"false\"><\/textarea><\/span><\/p>\n<p><input type=\"submit\" value=\"Envoyer\" class=\"wpcf7-form-control wpcf7-submit btn\" \/>\n<\/p><\/div>\n<\/div>\n<input type=\"hidden\" id=\"ct_checkjs_cf7_677e09724f0e2df9b6c000b75b5da10d\" name=\"ct_checkjs_cf7\" value=\"0\" \/><script >setTimeout(function(){var ct_input_name = \"ct_checkjs_cf7_677e09724f0e2df9b6c000b75b5da10d\";if (document.getElementById(ct_input_name) !== null) {var ct_input_value = document.getElementById(ct_input_name).value;document.getElementById(ct_input_name).value = document.getElementById(ct_input_name).value.replace(ct_input_value, '67bc65c910c5024ae26db918fda4339927626be3b8005d7d1ff29ec1ddb51742');}}, 1000);<\/script><input\n                    class=\"apbct_special_field apbct_email_id__wp_contact_form_7\"\n                    name=\"apbct__email_id__wp_contact_form_7\"\n                    aria-label=\"apbct__label_id__wp_contact_form_7\"\n                    type=\"text\" size=\"30\" maxlength=\"200\" autocomplete=\"off\"\n                    value=\"\"\n                \/><div class=\"wpcf7-response-output\" aria-hidden=\"true\"><\/div><\/form><\/div>[vc_empty_space height=&#8221;45px&#8221;][vc_column_text]\n<p style=\"text-align: left;\"><span style=\"font-family: seravek;\"><strong>PRO \/\/\u00a0<\/strong>Ch\u00e8res boutiques, <\/span><span style=\"font-family: seravek;\">vous aimeriez distribuer nos mod\u00e8les de maillots de bain et souhaitez plus d&#8217;infos, n&#8217;h\u00e9sitez pas \u00e0 nous envoyer votre demande : <span \n                data-original-string='LaEHLZWkgljOjRoy03VG\/A==d4b65HzA8j1APzKzKu6pxLmJa7RBypp4lDA6mo3CH2PMws='\n                class='apbct-email-encoder'\n                title='This contact has been encoded by Anti-Spam by CleanTalk. Click to decode. To finish the decoding make sure that JavaScript is enabled in your browser.'>he<span class=\"apbct-blur\">***<\/span>@<span class=\"apbct-blur\">***********<\/span>ar.com<\/span>,\u00a0<\/span>ou \u00e0 vous rendre sur <strong><a href=\"https:\/\/fr.ankorstore.com\/brand\/lilna-swimwear-1958\" target=\"_blank\" rel=\"noopener noreferrer\">cette page<\/a><\/strong><\/p>\n[\/vc_column_text][vc_empty_space][\/vc_column][\/vc_row]\n<\/div>","protected":false},"excerpt":{"rendered":"<p>[vc_row thb_full_width=&#8221;true&#8221; thb_row_padding=&#8221;true&#8221; content_placement=&#8221;middle&#8221;][vc_column width=&#8221;1\/2&#8243; el_class=&#8221;align-center&#8221;][vc_single_image image=&#8221;5794&#8243; img_size=&#8221;large&#8221; alignment=&#8221;center&#8221; onclick=&#8221;custom_link&#8221; link=&#8221;https:\/\/lilnaswimwear.com\/eshop\/&#8221;][\/vc_column][vc_column width=&#8221;1\/2&#8243; css=&#8221;.vc_custom_1503601094950{padding-right: 15% !important;padding-left: 15% !important;}&#8221;][vc_empty_space height=&#8221;40px&#8221;][vc_column_text] CONTACTEZ LA LILNA TEAM\u00a0 [\/vc_column_text][vc_empty_space height=&#8221;40px&#8221;][vc_column_text] Nous&hellip;<\/p>\n","protected":false},"author":1,"featured_media":0,"parent":0,"menu_order":0,"comment_status":"closed","ping_status":"closed","template":"","meta":{"_monsterinsights_skip_tracking":false,"_monsterinsights_sitenote_active":false,"_monsterinsights_sitenote_note":"","_monsterinsights_sitenote_category":0,"footnotes":""},"aioseo_notices":[],"_links":{"self":[{"href":"https:\/\/lilnaswimwear.com\/en\/wp-json\/wp\/v2\/pages\/235"}],"collection":[{"href":"https:\/\/lilnaswimwear.com\/en\/wp-json\/wp\/v2\/pages"}],"about":[{"href":"https:\/\/lilnaswimwear.com\/en\/wp-json\/wp\/v2\/types\/page"}],"author":[{"embeddable":true,"href":"https:\/\/lilnaswimwear.com\/en\/wp-json\/wp\/v2\/users\/1"}],"replies":[{"embeddable":true,"href":"https:\/\/lilnaswimwear.com\/en\/wp-json\/wp\/v2\/comments?post=235"}],"version-history":[{"count":23,"href":"https:\/\/lilnaswimwear.com\/en\/wp-json\/wp\/v2\/pages\/235\/revisions"}],"predecessor-version":[{"id":5809,"href":"https:\/\/lilnaswimwear.com\/en\/wp-json\/wp\/v2\/pages\/235\/revisions\/5809"}],"wp:attachment":[{"href":"https:\/\/lilnaswimwear.com\/en\/wp-json\/wp\/v2\/media?parent=235"}],"curies":[{"name":"wp","href":"https:\/\/api.w.org\/{rel}","templated":true}]}}