{"id":207,"date":"2017-08-17T19:41:42","date_gmt":"2017-08-17T17:41:42","guid":{"rendered":"http:\/\/newnorth.fuelthemes.net\/?page_id=207"},"modified":"2025-06-18T15:29:18","modified_gmt":"2025-06-18T13:29:18","slug":"revendeurs","status":"publish","type":"page","link":"https:\/\/lilnaswimwear.com\/en\/revendeurs\/","title":{"rendered":"O\u00f9 nous trouver ?"},"content":{"rendered":"<div class=\"wpb-content-wrapper\">[vc_row][vc_column][vc_empty_space height=&#8221;130px&#8221;][vc_column_text]\n<h1 style=\"text-align: center;\"><strong><span style=\"font-family: seravek; font-size: xx-large;\">NOS REVENDEURS &#8211; LILNA SWIMWEAR\u00a0<\/span><\/strong><\/h1>\n<h2 style=\"text-align: center;\"><span style=\"font-size: 14pt; font-family: seravek;\">Les maillots de bain LILNA Swimwear sont en vente dans une vari\u00e9t\u00e9 de belles boutiques \u00e0 travers l&#8217;Europe. D\u00e9couvrez o\u00f9 vous pouvez nous trouver ici.<\/span><\/h2>\n[\/vc_column_text][\/vc_column][\/vc_row][vc_row content_placement=&#8221;top&#8221; css=&#8221;.vc_custom_1527076104427{margin-top: 100px !important;}&#8221;][vc_column width=&#8221;1\/6&#8243;][\/vc_column][vc_column width=&#8221;2\/3&#8243;][vc_column_text css=&#8221;.vc_custom_1559840614633{padding-bottom: 20px !important;}&#8221;]\n<h2><span style=\"font-family: seravek;\"><span style=\"font-size: 20px;\">FRANCE METROPOLITAINE<\/span><\/span><\/h2>\n[\/vc_column_text][vc_separator][vc_row_inner css=&#8221;.vc_custom_1527075948040{padding-top: 50px !important;}&#8221;][vc_column_inner width=&#8221;1\/3&#8243;][vc_column_text]<span style=\"font-family: seravek;\">Avignon<\/span>[\/vc_column_text][\/vc_column_inner][vc_column_inner width=&#8221;1\/3&#8243;][vc_column_text]\n<h4><span style=\"font-family: seravek; font-size: 16px;\">Boutique Charlotte\u00a0<\/span><\/h4>\n[\/vc_column_text][\/vc_column_inner][vc_column_inner width=&#8221;1\/3&#8243;][vc_column_text]<span style=\"font-family: seravek;\">4 rue Joseph Vernet, 84000<\/span><br \/>\n<span style=\"font-family: seravek;\">06 77 30 06 38<\/span>[\/vc_column_text][\/vc_column_inner][\/vc_row_inner][vc_row_inner css=&#8221;.vc_custom_1527075948040{padding-top: 50px !important;}&#8221;][vc_column_inner width=&#8221;1\/3&#8243;][vc_column_text]<span style=\"font-family: seravek;\">La Rochelle<\/span>[\/vc_column_text][\/vc_column_inner][vc_column_inner width=&#8221;1\/3&#8243;][vc_column_text]\n<h4><span style=\"font-family: seravek; font-size: 16px;\">Galeries Lafayette\u00a0<\/span><\/h4>\n[\/vc_column_text][\/vc_column_inner][vc_column_inner width=&#8221;1\/3&#8243;][vc_column_text]<span style=\"font-family: seravek;\">31 &#8211; 39 Rue du Palais, 17000\u00a0<\/span><br \/>\n<span style=\"font-family: seravek;\">05 46 41 27 33<\/span>[\/vc_column_text][\/vc_column_inner][\/vc_row_inner][vc_row_inner css=&#8221;.vc_custom_1527075948040{padding-top: 50px !important;}&#8221;][vc_column_inner width=&#8221;1\/3&#8243;][vc_column_text]<span style=\"font-family: seravek;\">Lyon<\/span>[\/vc_column_text][\/vc_column_inner][vc_column_inner width=&#8221;1\/3&#8243;][vc_column_text]\n<h4><span style=\"font-family: Seravak; font-size: 16px;\"><span style=\"font-family: seravek;\">Les Curieux<\/span> <\/span><\/h4>\n[\/vc_column_text][\/vc_column_inner][vc_column_inner width=&#8221;1\/3&#8243;][vc_column_text]<span style=\"font-family: seravek;\">18 Rue Palais Grillet, 69002\u00a0<\/span><br \/>\n<span style=\"font-family: seravek;\">09 54 69 24 10<\/span>[\/vc_column_text][\/vc_column_inner][\/vc_row_inner][vc_row_inner css=&#8221;.vc_custom_1527075948040{padding-top: 50px !important;}&#8221;][vc_column_inner width=&#8221;1\/3&#8243;][vc_column_text]<span style=\"font-family: seravek;\">Marseille<\/span>[\/vc_column_text][\/vc_column_inner][vc_column_inner width=&#8221;1\/3&#8243;][vc_column_text]\n<h4><span style=\"font-family: Seravak; font-size: 16px;\"><span style=\"font-family: seravek;\">La Boutik from Marseille<\/span><\/span><\/h4>\n[\/vc_column_text][\/vc_column_inner][vc_column_inner width=&#8221;1\/3&#8243;][vc_column_text]<span style=\"font-family: seravek;\">56 rue sainte, 13001\u00a0<\/span><br \/>\n<span style=\"font-family: seravek;\">09 51 55 52 48<\/span>[\/vc_column_text][\/vc_column_inner][\/vc_row_inner][vc_row_inner css=&#8221;.vc_custom_1527075948040{padding-top: 50px !important;}&#8221;][vc_column_inner][\/vc_column_inner][\/vc_row_inner][vc_column_text css=&#8221;.vc_custom_1559840623455{padding-bottom: 20px !important;}&#8221;]\n<h2><span style=\"font-family: seravek;\"><span style=\"font-size: 20px;\">DOM-TOM<\/span><\/span><\/h2>\n[\/vc_column_text][vc_separator][vc_row_inner css=&#8221;.vc_custom_1527075948040{padding-top: 50px !important;}&#8221;][vc_column_inner width=&#8221;1\/3&#8243;][vc_column_text]<span style=\"font-family: seravek;\">Guadeloupe<\/span>[\/vc_column_text][\/vc_column_inner][vc_column_inner width=&#8221;1\/3&#8243;][vc_column_text]\n<h4><span style=\"font-family: seravek; font-size: 16px;\">SISTERS<\/span><\/h4>\n[\/vc_column_text][\/vc_column_inner][vc_column_inner width=&#8221;1\/3&#8243;][vc_column_text]<span style=\"font-family: seravek;\">Village de Jarry,\u00a0Baie Mahault<\/span><br \/>\n<span style=\"font-family: seravek;\">+590 590 26 34 63<\/span>[\/vc_column_text][\/vc_column_inner][\/vc_row_inner][vc_row_inner css=&#8221;.vc_custom_1527075948040{padding-top: 50px !important;}&#8221;][vc_column_inner][\/vc_column_inner][\/vc_row_inner][\/vc_column][vc_column width=&#8221;1\/6&#8243;][\/vc_column][\/vc_row][vc_row][vc_column][vc_empty_space][vc_single_image image=&#8221;27&#8243; img_size=&#8221;full&#8221; alignment=&#8221;center&#8221; onclick=&#8221;custom_link&#8221; link=&#8221;https:\/\/lilnaswimwear.com\/eshop\/&#8221;][\/vc_column][\/vc_row]\n<\/div>","protected":false},"excerpt":{"rendered":"<p>[vc_row][vc_column][vc_empty_space height=&#8221;130px&#8221;][vc_column_text] NOS REVENDEURS &#8211; LILNA SWIMWEAR\u00a0 Les maillots de bain LILNA Swimwear sont en vente dans une vari\u00e9t\u00e9 de belles boutiques \u00e0 travers l&#8217;Europe.&hellip;<\/p>\n","protected":false},"author":1,"featured_media":0,"parent":0,"menu_order":0,"comment_status":"closed","ping_status":"closed","template":"","meta":{"_monsterinsights_skip_tracking":false,"_monsterinsights_sitenote_active":false,"_monsterinsights_sitenote_note":"","_monsterinsights_sitenote_category":0,"footnotes":""},"aioseo_notices":[],"_links":{"self":[{"href":"https:\/\/lilnaswimwear.com\/en\/wp-json\/wp\/v2\/pages\/207"}],"collection":[{"href":"https:\/\/lilnaswimwear.com\/en\/wp-json\/wp\/v2\/pages"}],"about":[{"href":"https:\/\/lilnaswimwear.com\/en\/wp-json\/wp\/v2\/types\/page"}],"author":[{"embeddable":true,"href":"https:\/\/lilnaswimwear.com\/en\/wp-json\/wp\/v2\/users\/1"}],"replies":[{"embeddable":true,"href":"https:\/\/lilnaswimwear.com\/en\/wp-json\/wp\/v2\/comments?post=207"}],"version-history":[{"count":128,"href":"https:\/\/lilnaswimwear.com\/en\/wp-json\/wp\/v2\/pages\/207\/revisions"}],"predecessor-version":[{"id":5910,"href":"https:\/\/lilnaswimwear.com\/en\/wp-json\/wp\/v2\/pages\/207\/revisions\/5910"}],"wp:attachment":[{"href":"https:\/\/lilnaswimwear.com\/en\/wp-json\/wp\/v2\/media?parent=207"}],"curies":[{"name":"wp","href":"https:\/\/api.w.org\/{rel}","templated":true}]}}