{"id":1305,"date":"2019-02-22T22:51:37","date_gmt":"2019-02-22T21:51:37","guid":{"rendered":"https:\/\/lilnaswimwear.com\/?page_id=1305"},"modified":"2025-05-25T14:11:16","modified_gmt":"2025-05-25T12:11:16","slug":"matieres-et-engagements-oekotex","status":"publish","type":"page","link":"https:\/\/lilnaswimwear.com\/en\/matieres-et-engagements-oekotex\/","title":{"rendered":"Mati\u00e8res \u00e9co-responsables"},"content":{"rendered":"<div class=\"wpb-content-wrapper\">[vc_row el_class=&#8221;align-center&#8221; css=&#8221;.vc_custom_1524429171283{background-position: center !important;background-repeat: no-repeat !important;background-size: cover !important;}&#8221;][vc_column][vc_column_text]\n<h1 style=\"text-align: center;\"><span style=\"font-size: 14pt;\"><strong><span style=\"font-family: Helvetica;\">DES MAILLOTS DE BAIN <\/span><\/strong><\/span><span style=\"font-size: 14pt;\"><strong><span style=\"font-family: Helvetica;\">ULTRA-CONFORT ET\u00a0<\/span><\/strong><\/span><span style=\"font-size: 14pt;\"><strong><span style=\"font-family: Helvetica;\">\u00c9CO-RESPONSABLES.\u00a0<\/span><\/strong><\/span><\/h1>\n[\/vc_column_text][vc_column_text]\n<p style=\"text-align: center;\"><span style=\"font-family: Georgia, Palatino; font-size: 14pt;\">Avant tout, nous veillons \u00e0 la protection de votre peau et de la plan\u00e8te avec l&#8217;utilisation de mati\u00e8res respectueuses et labellis\u00e9es \u2665<\/span><\/p>\n[\/vc_column_text][vc_empty_space][\/vc_column][\/vc_row][vc_row el_class=&#8221;align-center&#8221; css=&#8221;.vc_custom_1524429171283{background-position: center !important;background-repeat: no-repeat !important;background-size: cover !important;}&#8221;][vc_column width=&#8221;1\/2&#8243;][vc_empty_space height=&#8221;50px&#8221;][vc_column_text css=&#8221;&#8221;]\n<p style=\"text-align: center;\">Dans notre qu\u00eate constante <strong>pour une mode plus durable et responsable<\/strong>, nous avons choisi de faire un pas de g\u00e9ant vers un avenir plus respectueux de l&#8217;environnement en int\u00e9grant le fil ECONYL<span style=\"font-size: 8pt;\">\u00ae<\/span><span class=\"Apple-converted-space\">\u00a0<\/span>dans nos collections.<\/p>\n<p style=\"text-align: center;\">Le fil ECONYL<span style=\"font-size: 8pt;\">\u00ae<\/span> est bien plus qu&#8217;une simple fibre de nylon : c&#8217;est une R\u00c9VOLUTION \u00c9COLOGIQUE!<\/p>\n<p style=\"text-align: center;\">Fabriqu\u00e9 \u00e0 partir de d\u00e9chets de nylon r\u00e9cup\u00e9r\u00e9s \u00e0 travers le monde, tels que les filets de p\u00eache abandonn\u00e9s, les moquettes usag\u00e9es et le plastique industriel, il<strong> offre une seconde vie \u00e0 des mat\u00e9riaux qui, autrement, pollueraient notre belle plan\u00e8te \ud83c\udf0d<\/strong><\/p>\n<p style=\"text-align: center;\">Ce qui rend le fil ECONYL<span style=\"font-size: 8pt;\">\u00ae<\/span> encore plus exceptionnel, c&#8217;est qu&#8217;il conserve les <strong>m\u00eames qualit\u00e9s et propri\u00e9t\u00e9s que le nylon vierge<\/strong>, tout en offrant une solution durable et innovante.<\/p>\n<p style=\"text-align: center;\">Non seulement il est <strong>aussi r\u00e9sistant et polyvalent<\/strong>, mais il peut \u00e9galement \u00eatre recycl\u00e9, recr\u00e9\u00e9 et remodel\u00e9 \u00e0 l&#8217;infini, r\u00e9duisant ainsi notre d\u00e9pendance aux nouvelles ressources et contribuant \u00e0 la <strong>pr\u00e9servation de notre pr\u00e9cieux \u00e9cosyst\u00e8me<\/strong>.<\/p>\n<p style=\"text-align: center;\">En choisissant les maillots de bain LILNA con\u00e7us avec du fil ECONYL<span style=\"font-size: 8pt;\">\u00ae<\/span>, vous optez pour plus que de simples v\u00eatements : <strong>vous devenez un acteur du changement<\/strong>, participant \u00e0 la cr\u00e9ation d&#8217;un avenir plus propre et plus durable pour les g\u00e9n\u00e9rations \u00e0 venir.<\/p>\n<p style=\"text-align: center;\"><strong>Chez nous, l&#8217;\u00e9l\u00e9gance se marie harmonieusement avec l&#8217;\u00e9thique, pour une mode qui a du sens.<\/strong><\/p>\n[\/vc_column_text][vc_empty_space][vc_single_image image=&#8221;5187&#8243; img_size=&#8221;medium&#8221; alignment=&#8221;center&#8221; onclick=&#8221;custom_link&#8221; img_link_target=&#8221;_blank&#8221; link=&#8221;https:\/\/www.econyl.com\/the-process\/&#8221;][\/vc_column][vc_column width=&#8221;1\/2&#8243;][vc_empty_space][vc_single_image image=&#8221;6322&#8243; img_size=&#8221;large&#8221; alignment=&#8221;center&#8221;][vc_empty_space][\/vc_column][\/vc_row][vc_row][vc_column][vc_empty_space][vc_column_text]\n<p style=\"text-align: center;\"><span style=\"font-size: 24pt; font-family: Georgia, Palatino;\"><em><span style=\"color: #000000;\"><strong>\u2033<\/strong><\/span><\/em><\/span><\/p>\n<p style=\"text-align: center;\"><span style=\"font-size: 14pt; font-family: Georgia, Palatino;\"><em><span style=\"color: #000000;\">Notre app\u00e9tit pour la cr\u00e9ation et l&#8217;achat de nouveaux produits est infini.<\/span><\/em><\/span><\/p>\n<p style=\"text-align: center;\"><span style=\"font-size: 14pt; font-family: Georgia, Palatino;\"><em><span style=\"color: #000000;\">Les ressources pour la plan\u00e8te ne le sont pas. <\/span><\/em><\/span><\/p>\n<p style=\"text-align: center;\"><span style=\"font-size: 14pt; font-family: Georgia, Palatino;\"><em><span style=\"color: #000000;\">Mais gr\u00e2ce \u00e0 ce syst\u00e8me, nous pouvons avoir les deux : de nouveaux produits et un meilleur environnement.\u00a0<\/span><\/em><\/span><\/p>\n[\/vc_column_text][vc_empty_space][\/vc_column][\/vc_row][vc_row el_class=&#8221;align-center&#8221; css=&#8221;.vc_custom_1524429171283{background-position: center !important;background-repeat: no-repeat !important;background-size: cover !important;}&#8221;][vc_column width=&#8221;1\/2&#8243;][vc_single_image image=&#8221;6313&#8243; img_size=&#8221;large&#8221;][\/vc_column][vc_column width=&#8221;1\/2&#8243;][vc_empty_space height=&#8221;130px&#8221;][vc_column_text animation=&#8221;animation right-to-left&#8221;]\n<p style=\"text-align: center;\"><span style=\"font-family: Helvetica;\"><span style=\"font-size: 12pt;\"><span style=\"color: #000000;\">Dans notre engagement continu pour la qualit\u00e9 et le respect de votre bien-\u00eatre, toutes les mati\u00e8res que nous utilisons sont certifi\u00e9es sans produits nocifs pour la peau et l&#8217;environnement.\u00a0<\/span><\/span><\/span><\/p>\n<p style=\"text-align: center;\"><strong><span style=\"font-family: Helvetica; font-size: 12pt;\"><span style=\"color: #000000;\">Parce que nous croyons fermement que la mode ne devrait jamais compromettre votre sant\u00e9 ni celle de notre plan\u00e8te.<\/span><\/span><\/strong><\/p>\n<p style=\"text-align: center;\"><span style=\"font-size: 12pt;\">Lorsque vous portez un maillot de bain de notre marque, vous pouvez \u00eatre s\u00fbre que chaque fibre a \u00e9t\u00e9 soigneusement s\u00e9lectionn\u00e9e et test\u00e9e pour r\u00e9pondre aux normes les plus strictes de s\u00e9curit\u00e9 et de durabilit\u00e9. Nous nous engageons \u00e0 vous offrir des produits qui refl\u00e8tent notre engagement envers l&#8217;excellence, sans compromis sur la qualit\u00e9 ni sur votre bien-\u00eatre.<\/span><\/p>\n<p style=\"text-align: center;\"><span style=\"font-size: 12pt;\">Avec nos mati\u00e8res,\u00a0vous pouvez plonger dans les eaux en toute confiance, sachant que votre maillot de bain est aussi s\u00fbr pour vous que pour notre pr\u00e9cieux environnement. <\/span><\/p>\n<p style=\"text-align: center;\"><span style=\"font-size: 12pt;\">Chez nous, votre confort et votre sant\u00e9 sont notre priorit\u00e9 absolue!\u00a0<\/span><\/p>\n[\/vc_column_text][vc_empty_space][\/vc_column][\/vc_row][vc_row][vc_column][vc_separator][\/vc_column][\/vc_row][vc_row el_class=&#8221;align-center&#8221; css=&#8221;.vc_custom_1524429171283{background-position: center !important;background-repeat: no-repeat !important;background-size: cover !important;}&#8221;][vc_column width=&#8221;1\/2&#8243;][vc_empty_space height=&#8221;200px&#8221;][vc_column_text]\n<p style=\"text-align: center;\"><span style=\"font-family: Arial, Helvetica, sans-serif;\">Notre mati\u00e8re s\u00e9lectionn\u00e9e avec soin offre une exp\u00e9rience de port incomparable : elle est <span style=\"font-size: 14pt;\"><strong>fine<\/strong><\/span> pour un toucher d\u00e9licat, <span style=\"font-size: 14pt;\"><strong>extensible<\/strong><\/span> pour une libert\u00e9 de mouvement totale, <span style=\"font-size: 14pt;\"><strong>douce<\/strong><\/span> pour un <strong><span style=\"font-size: 14pt;\">confort optima<\/span>l<\/strong> et<span style=\"font-size: 14pt;\"><strong> respirante<\/strong> <\/span>pour une sensation de fra\u00eecheur tout au long de la journ\u00e9e.<\/span><\/p>\n<p style=\"text-align: center;\"><span style=\"font-family: Arial, Helvetica, sans-serif;\"><span style=\"color: #000000;\">Un m\u00e9lange unique pour un <span style=\"font-size: 14pt;\"><strong>maximum de confort<\/strong><\/span> !<\/span><\/span><\/p>\n<p style=\"text-align: center;\"><span style=\"font-family: Arial, Helvetica, sans-serif;\">R\u00e9sistante au chlore, aux cr\u00e8mes solaires et aux huiles bronzantes, votre maillot de bain conserve son \u00e9clat et sa forme, saison apr\u00e8s saison.<\/span><\/p>\n<p style=\"text-align: center;\"><span style=\"font-family: Arial, Helvetica, sans-serif;\">Plongez dans l&#8217;univers de la <strong>qualit\u00e9 et du raffinement<\/strong>, o\u00f9 chaque d\u00e9tail est pens\u00e9 pour vous offrir une exp\u00e9rience in\u00e9gal\u00e9e. Avec nos maillots de bain, la perfection n&#8217;est pas un luxe, mais une promesse tenue.<\/span><\/p>\n[\/vc_column_text][vc_empty_space][\/vc_column][vc_column width=&#8221;1\/2&#8243;][vc_empty_space][vc_single_image image=&#8221;6315&#8243; img_size=&#8221;large&#8221;][vc_empty_space][\/vc_column][\/vc_row][vc_row][vc_column][vc_separator][\/vc_column][\/vc_row][vc_row el_class=&#8221;align-center&#8221; css=&#8221;.vc_custom_1524429171283{background-position: center !important;background-repeat: no-repeat !important;background-size: cover !important;}&#8221;][vc_column width=&#8221;1\/2&#8243;][vc_empty_space][vc_single_image image=&#8221;6320&#8243; img_size=&#8221;large&#8221; alignment=&#8221;center&#8221;][\/vc_column][vc_column width=&#8221;1\/2&#8243;][vc_empty_space height=&#8221;120px&#8221;][vc_column_text]\n<p style=\"text-align: center;\">Notre engagement pour l&#8217;excellence ne se limite pas \u00e0 la qualit\u00e9 de nos produits, mais s&#8217;\u00e9tend \u00e0 chaque \u00e9tape de leur cr\u00e9ation.<\/p>\n<p style=\"text-align: center;\">Nos collections sont minutieusement <strong>pens\u00e9es en France<\/strong>, berceau de la mode et de l&#8217;\u00e9l\u00e9gance, o\u00f9 chaque d\u00e9tail est soigneusement \u00e9tudi\u00e9 pour vous offrir des cr\u00e9ations uniques et intemporelles.<\/p>\n<p style=\"text-align: center;\">Pour concr\u00e9tiser cette vision, nous avons choisi de collaborer avec des partenaires au Maroc, o\u00f9 nos maillots de bain prennent vie dans des conditions de production respectueuses et s\u00e9curis\u00e9es. Nous croyons fermement en la responsabilit\u00e9 sociale de notre entreprise et veillons \u00e0 ce que chaque personne impliqu\u00e9e dans la fabrication de nos produits b\u00e9n\u00e9ficie de <strong>conditions de travail dignes et s\u00fbres.<\/strong><\/p>\n<p style=\"text-align: center;\">De plus, nous attachons une grande importance \u00e0 la <strong>provenance de nos mati\u00e8res premi\u00e8res.<\/strong> C&#8217;est pourquoi nos tissus sont soigneusement s\u00e9lectionn\u00e9s et labellis\u00e9s, provenant d&#8217;Italie, terre de savoir-faire textile renomm\u00e9.<\/p>\n<p style=\"text-align: center;\">Non seulement ces tissus r\u00e9pondent aux normes les plus strictes en mati\u00e8re de protection de la peau, mais ils respectent \u00e9galement l&#8217;environnement, car nous croyons qu&#8217;une mode durable est la seule option envisageable pour l&#8217;avenir de notre plan\u00e8te.<\/p>\n<p style=\"text-align: center;\"><span style=\"font-size: 14pt;\"><strong>Ainsi, lorsque vous choisissez un maillot de bain LILNA, vous optez non seulement pour le style et le confort, <\/strong><\/span><span style=\"font-size: 14pt;\"><strong>mais aussi pour une \u00e9thique irr\u00e9prochable, incarnant notre engagement envers vous et envers le monde qui nous entoure<\/strong><\/span><\/p>\n[\/vc_column_text][vc_empty_space][\/vc_column][\/vc_row][vc_row][vc_column][vc_empty_space][vc_btn title=&#8221;Voir la collection&#8221; style=&#8221;classic&#8221; shape=&#8221;square&#8221; color=&#8221;chino&#8221; align=&#8221;center&#8221; link=&#8221;url:https%3A%2F%2Flilnaswimwear.com%2Feshop%2F|||&#8221;][\/vc_column][\/vc_row]\n<\/div>","protected":false},"excerpt":{"rendered":"<p>[vc_row el_class=&#8221;align-center&#8221; css=&#8221;.vc_custom_1524429171283{background-position: center !important;background-repeat: no-repeat !important;background-size: cover !important;}&#8221;][vc_column][vc_column_text] DES MAILLOTS DE BAIN ULTRA-CONFORT ET\u00a0\u00c9CO-RESPONSABLES.\u00a0 [\/vc_column_text][vc_column_text] Avant tout, nous veillons \u00e0 la protection de votre&hellip;<\/p>\n","protected":false},"author":1,"featured_media":0,"parent":0,"menu_order":0,"comment_status":"closed","ping_status":"closed","template":"","meta":{"_monsterinsights_skip_tracking":false,"_monsterinsights_sitenote_active":false,"_monsterinsights_sitenote_note":"","_monsterinsights_sitenote_category":0,"footnotes":""},"aioseo_notices":[],"_links":{"self":[{"href":"https:\/\/lilnaswimwear.com\/en\/wp-json\/wp\/v2\/pages\/1305"}],"collection":[{"href":"https:\/\/lilnaswimwear.com\/en\/wp-json\/wp\/v2\/pages"}],"about":[{"href":"https:\/\/lilnaswimwear.com\/en\/wp-json\/wp\/v2\/types\/page"}],"author":[{"embeddable":true,"href":"https:\/\/lilnaswimwear.com\/en\/wp-json\/wp\/v2\/users\/1"}],"replies":[{"embeddable":true,"href":"https:\/\/lilnaswimwear.com\/en\/wp-json\/wp\/v2\/comments?post=1305"}],"version-history":[{"count":89,"href":"https:\/\/lilnaswimwear.com\/en\/wp-json\/wp\/v2\/pages\/1305\/revisions"}],"predecessor-version":[{"id":6413,"href":"https:\/\/lilnaswimwear.com\/en\/wp-json\/wp\/v2\/pages\/1305\/revisions\/6413"}],"wp:attachment":[{"href":"https:\/\/lilnaswimwear.com\/en\/wp-json\/wp\/v2\/media?parent=1305"}],"curies":[{"name":"wp","href":"https:\/\/api.w.org\/{rel}","templated":true}]}}